{"id":14975,"date":"2025-09-25T21:28:58","date_gmt":"2025-09-25T20:28:58","guid":{"rendered":"https:\/\/rudasbistro.hu\/?post_type=product&#038;p=14975"},"modified":"2026-04-16T01:03:11","modified_gmt":"2026-04-16T00:03:11","slug":"premium-brunch-kupon-torok-furdovel","status":"publish","type":"product","link":"https:\/\/rudasbistro.hu\/zh\/product\/premium-brunch-kupon-torok-furdovel\/","title":{"rendered":"PR\u00c9MIUM BRUNCH KUPON &#8211; T\u00f6r\u00f6k f\u00fcrd\u0151vel vagy t\u00f6r\u00f6k f\u00fcrd\u0151 n\u00e9lk\u00fcl"},"content":{"rendered":"<p style=\"text-align: justify;\">A csomagok a megv\u00e1s\u00e1rl\u00e1st k\u00f6vet\u0151en 6 h\u00f3napig lesznek \u00e9rv\u00e9nyesek.<\/p>\n<p style=\"text-align: justify;\">Az \u00e9lm\u00e9nyen csak 14. \u00e9v\u00e9t bet\u00f6lt\u00f6tt szem\u00e9ly vehet r\u00e9szt!<\/p>\n<hr \/>\n<p style=\"text-align: justify;\"><strong>Jelen utalv\u00e1ny h\u00e9tk\u00f6znapokon (munkanapokon) haszn\u00e1lhat\u00f3 fel h\u00e9tf\u0151t\u0151l cs\u00fct\u00f6rt\u00f6kig. Kiemelt (\u00fcnnepi h\u00e9tk\u00f6znapokon, elcser\u00e9lt h\u00e9tk\u00f6znapokon) h\u00e9tk\u00f6znapokon, valamint a december k\u00f6zep\u00e9t\u0151l janu\u00e1r k\u00f6zep\u00e9ig terjed\u0151 Rudas F\u00fcrd\u0151 \u00e1ltal kiemelt id\u0151szakk\u00e9nt kezelt napokon emelt jegy\u00e1r k\u00fcl\u00f6nb\u00f6zet miatti fel\u00e1r megfizet\u00e9se ellen\u00e9ben tudj\u00e1k felhaszn\u00e1lni az utalv\u00e1nyt.<\/strong><\/p>\n<table style=\"border-collapse: collapse; width: 100%;\">\n<tbody>\n<tr>\n<td style=\"width: 50%;\"><img decoding=\"async\" loading=\"lazy\" class=\"alignnone size-full wp-image-14996\" src=\"https:\/\/rudasbistro.hu\/wp-content\/uploads\/2025\/09\/SIM1110a.jpg\" alt=\"\" width=\"1548\" height=\"1032\" srcset=\"https:\/\/rudasbistro.hu\/wp-content\/uploads\/2025\/09\/SIM1110a.jpg 1548w, https:\/\/rudasbistro.hu\/wp-content\/uploads\/2025\/09\/SIM1110a-500x333.jpg 500w, https:\/\/rudasbistro.hu\/wp-content\/uploads\/2025\/09\/SIM1110a-1024x683.jpg 1024w, https:\/\/rudasbistro.hu\/wp-content\/uploads\/2025\/09\/SIM1110a-150x100.jpg 150w, https:\/\/rudasbistro.hu\/wp-content\/uploads\/2025\/09\/SIM1110a-768x512.jpg 768w, https:\/\/rudasbistro.hu\/wp-content\/uploads\/2025\/09\/SIM1110a-1536x1024.jpg 1536w, https:\/\/rudasbistro.hu\/wp-content\/uploads\/2025\/09\/SIM1110a-18x12.jpg 18w, https:\/\/rudasbistro.hu\/wp-content\/uploads\/2025\/09\/SIM1110a-300x200.jpg 300w, https:\/\/rudasbistro.hu\/wp-content\/uploads\/2025\/09\/SIM1110a-600x400.jpg 600w\" sizes=\"(max-width: 1548px) 100vw, 1548px\" \/><\/td>\n<td style=\"width: 50%;\"><img decoding=\"async\" loading=\"lazy\" class=\"alignnone size-full wp-image-14997\" src=\"https:\/\/rudasbistro.hu\/wp-content\/uploads\/2025\/09\/AG_20120826_015-scaled.jpg\" alt=\"\" width=\"2560\" height=\"1707\" srcset=\"https:\/\/rudasbistro.hu\/wp-content\/uploads\/2025\/09\/AG_20120826_015-scaled.jpg 2560w, https:\/\/rudasbistro.hu\/wp-content\/uploads\/2025\/09\/AG_20120826_015-500x333.jpg 500w, https:\/\/rudasbistro.hu\/wp-content\/uploads\/2025\/09\/AG_20120826_015-1024x683.jpg 1024w, https:\/\/rudasbistro.hu\/wp-content\/uploads\/2025\/09\/AG_20120826_015-150x100.jpg 150w, https:\/\/rudasbistro.hu\/wp-content\/uploads\/2025\/09\/AG_20120826_015-768x512.jpg 768w, https:\/\/rudasbistro.hu\/wp-content\/uploads\/2025\/09\/AG_20120826_015-1536x1024.jpg 1536w, https:\/\/rudasbistro.hu\/wp-content\/uploads\/2025\/09\/AG_20120826_015-2048x1365.jpg 2048w, https:\/\/rudasbistro.hu\/wp-content\/uploads\/2025\/09\/AG_20120826_015-18x12.jpg 18w, https:\/\/rudasbistro.hu\/wp-content\/uploads\/2025\/09\/AG_20120826_015-300x200.jpg 300w, https:\/\/rudasbistro.hu\/wp-content\/uploads\/2025\/09\/AG_20120826_015-600x400.jpg 600w\" sizes=\"(max-width: 2560px) 100vw, 2560px\" \/><\/td>\n<\/tr>\n<\/tbody>\n<\/table>","protected":false},"excerpt":{"rendered":"<p style=\"text-align: justify;\"><span style=\"color: #000000;\"><strong>PR\u00c9MIUM BRUNCH EG\u00c9SZ NAPOS H\u00c9TK\u00d6ZNAPI KUPON\u00a0 CSOMAGUNK T\u00d6R\u00d6K F\u00dcRD\u0150VEL VAGY T\u00d6R\u00d6K F\u00dcRD\u0150 N\u00c9LK\u00dcL<\/strong><\/span><\/p>\n<p style=\"text-align: justify;\">H\u00e9tf\u0151-cs\u00fct\u00f6rt\u00f6k 11:00 \u2013 20:00 k\u00f6z\u00f6tt<\/p>\n<p style=\"text-align: justify;\">Tartalma:<\/p>\n<p style=\"text-align: justify;\">Eg\u00e9sz napos bel\u00e9p\u0151 a Rudas teljes ter\u00fclet\u00e9re:<br \/>\n\u2013 T\u00f6r\u00f6k f\u00fcrd\u0151 (csak a \u201eT\u00f6r\u00f6k f\u00fcrd\u0151vel\u201d csomag eset\u00e9n h\u00e9tf\u0151n \u00e9s cs\u00fct\u00f6rt\u00f6k\u00f6n)<br \/>\n\u2013 Uszoda<br \/>\n\u2013 \u00daj wellness r\u00e9szleg<br \/>\n\u2013 Nemzetk\u00f6zi Szaunavil\u00e1g<br \/>\n\u2013 Panor\u00e1mamedence a v\u00e1ros legszebb kil\u00e1t\u00e1s\u00e1val<\/p>\n<p style=\"text-align: justify;\">3 fog\u00e1sos \u00e9tkez\u00e9s az a\u2019la carte alap k\u00edn\u00e1latb\u00f3l \u00e9s a Chef aj\u00e1nlat\u00e1b\u00f3l<\/p>\n<p style=\"text-align: justify;\">az \u00d6n\u00f6k k\u00e9nyelme \u00e9rdek\u00e9ben el\u0151zetes id\u0151pont foglal\u00e1s sz\u00fcks\u00e9ges \u00e9s ellen\u0151rizz\u00e9k a Rudas F\u00fcrd\u0151 mindenkori nyitvatart\u00e1s\u00e1t.<\/p>\n<p style=\"text-align: justify;\">az \u00e9tterem nyitvatart\u00e1si ideje: 11:00-22:00,<br \/>\na brunch \u00e9tkez\u00e9s 11:00 \u2013 21:00 k\u00f6z\u00f6tt lehets\u00e9ges<\/p>\n<p style=\"text-align: justify;\">Egy igazi pr\u00e9mium \u00e9lm\u00e9ny: a 450 \u00e9ves t\u00f6r\u00f6k f\u00fcrd\u0151 hangulat\u00e1t eg\u00e9sz nap \u00e9lvezheti, majd s\u00e9f\u00fcnk aj\u00e1nlat\u00e1b\u00f3l v\u00e1logathat h\u00e1romfog\u00e1sos men\u00fct.<\/p>\n<p style=\"text-align: justify;\"><strong><span style=\"color: #000000;\"> RUDAS PR\u00c9MIUM BRUNCH<\/span> <span style=\"color: #000000;\">KUPON T\u00d6R\u00d6K F\u00dcRD\u0150VEL (30.990 Ft helyett:) <\/span>\u2013 <span style=\"color: #ff6600;\">28 990.- Ft \/ F\u0150<\/span><\/strong><\/p>\n<p><strong><span style=\"color: #000000;\">RUDAS PR\u00c9MIUM BRUNCH<\/span> <span style=\"color: #000000;\">KUPON T\u00d6R\u00d6K F\u00dcRD\u0150 N\u00c9LK\u00dcL (26.990 Ft helyett:) <\/span>\u2013 <span style=\"color: #ff6600;\">24 990.- Ft \/ F\u0150<\/span><\/strong><\/p>","protected":false},"featured_media":10123,"template":"","meta":[],"product_cat":[26],"product_tag":[],"yoast_head":"<!-- This site is optimized with the Yoast SEO plugin v22.6 - https:\/\/yoast.com\/wordpress\/plugins\/seo\/ -->\n<title>PR\u00c9MIUM BRUNCH KUPON - T\u00f6r\u00f6k f\u00fcrd\u0151vel vagy t\u00f6r\u00f6k f\u00fcrd\u0151 n\u00e9lk\u00fcl - Rudas Bistro<\/title>\n<meta name=\"description\" content=\"3 fog\u00e1sos a\u2019la carte alap eb\u00e9d \u00e9s Chef aj\u00e1nlataeg\u00e9sz napos h\u00e9tk\u00f6znapi WELLNESS bel\u00e9p\u0151jegyA csomagok a megv\u00e1s\u00e1rl\u00e1st k\u00f6vet\u0151en 6 h\u00f3napig lesznek \u00e9rv\u00e9nyesek.\" \/>\n<meta name=\"robots\" content=\"index, follow, max-snippet:-1, max-image-preview:large, max-video-preview:-1\" \/>\n<link rel=\"canonical\" href=\"https:\/\/rudasbistro.hu\/zh\/product\/premium-brunch-kupon-torok-furdovel\/\" \/>\n<meta property=\"og:locale\" content=\"zh_CN\" \/>\n<meta property=\"og:type\" content=\"article\" \/>\n<meta property=\"og:title\" content=\"PR\u00c9MIUM BRUNCH KUPON - T\u00f6r\u00f6k f\u00fcrd\u0151vel vagy t\u00f6r\u00f6k f\u00fcrd\u0151 n\u00e9lk\u00fcl - Rudas Bistro\" \/>\n<meta property=\"og:description\" content=\"3 fog\u00e1sos a\u2019la carte alap eb\u00e9d \u00e9s Chef aj\u00e1nlataeg\u00e9sz napos h\u00e9tk\u00f6znapi WELLNESS bel\u00e9p\u0151jegyA csomagok a megv\u00e1s\u00e1rl\u00e1st k\u00f6vet\u0151en 6 h\u00f3napig lesznek \u00e9rv\u00e9nyesek.\" \/>\n<meta property=\"og:url\" content=\"https:\/\/rudasbistro.hu\/zh\/product\/premium-brunch-kupon-torok-furdovel\/\" \/>\n<meta property=\"og:site_name\" content=\"Rudas Bistro\" \/>\n<meta property=\"article:publisher\" content=\"https:\/\/www.facebook.com\/rudasbistro\/\" \/>\n<meta property=\"article:modified_time\" content=\"2026-04-16T00:03:11+00:00\" \/>\n<meta property=\"og:image\" content=\"https:\/\/rudasbistro.hu\/wp-content\/uploads\/2017\/11\/CSP_0178-scaled-e1730994890144.jpg\" \/>\n\t<meta property=\"og:image:width\" content=\"500\" \/>\n\t<meta property=\"og:image:height\" content=\"333\" \/>\n\t<meta property=\"og:image:type\" content=\"image\/jpeg\" \/>\n<meta name=\"twitter:card\" content=\"summary_large_image\" \/>\n<meta name=\"twitter:label1\" content=\"\u9884\u8ba1\u9605\u8bfb\u65f6\u95f4\" \/>\n\t<meta name=\"twitter:data1\" content=\"1\u5206\" \/>\n<script type=\"application\/ld+json\" class=\"yoast-schema-graph\">{\"@context\":\"https:\/\/schema.org\",\"@graph\":[{\"@type\":\"WebPage\",\"@id\":\"https:\/\/rudasbistro.hu\/termek\/premium-brunch-kupon-torok-furdovel\/\",\"url\":\"https:\/\/rudasbistro.hu\/termek\/premium-brunch-kupon-torok-furdovel\/\",\"name\":\"PR\u00c9MIUM BRUNCH KUPON - T\u00f6r\u00f6k f\u00fcrd\u0151vel vagy t\u00f6r\u00f6k f\u00fcrd\u0151 n\u00e9lk\u00fcl - Rudas Bistro\",\"isPartOf\":{\"@id\":\"https:\/\/rudasbistro.hu\/#website\"},\"primaryImageOfPage\":{\"@id\":\"https:\/\/rudasbistro.hu\/termek\/premium-brunch-kupon-torok-furdovel\/#primaryimage\"},\"image\":{\"@id\":\"https:\/\/rudasbistro.hu\/termek\/premium-brunch-kupon-torok-furdovel\/#primaryimage\"},\"thumbnailUrl\":\"https:\/\/rudasbistro.hu\/wp-content\/uploads\/2017\/11\/CSP_0178-scaled-e1730994890144.jpg\",\"datePublished\":\"2025-09-25T20:28:58+00:00\",\"dateModified\":\"2026-04-16T00:03:11+00:00\",\"description\":\"3 fog\u00e1sos a\u2019la carte alap eb\u00e9d \u00e9s Chef aj\u00e1nlataeg\u00e9sz napos h\u00e9tk\u00f6znapi WELLNESS bel\u00e9p\u0151jegyA csomagok a megv\u00e1s\u00e1rl\u00e1st k\u00f6vet\u0151en 6 h\u00f3napig lesznek \u00e9rv\u00e9nyesek.\",\"breadcrumb\":{\"@id\":\"https:\/\/rudasbistro.hu\/termek\/premium-brunch-kupon-torok-furdovel\/#breadcrumb\"},\"inLanguage\":\"zh-CN\",\"potentialAction\":[{\"@type\":\"ReadAction\",\"target\":[\"https:\/\/rudasbistro.hu\/termek\/premium-brunch-kupon-torok-furdovel\/\"]}]},{\"@type\":\"ImageObject\",\"inLanguage\":\"zh-CN\",\"@id\":\"https:\/\/rudasbistro.hu\/termek\/premium-brunch-kupon-torok-furdovel\/#primaryimage\",\"url\":\"https:\/\/rudasbistro.hu\/wp-content\/uploads\/2017\/11\/CSP_0178-scaled-e1730994890144.jpg\",\"contentUrl\":\"https:\/\/rudasbistro.hu\/wp-content\/uploads\/2017\/11\/CSP_0178-scaled-e1730994890144.jpg\",\"width\":500,\"height\":333},{\"@type\":\"BreadcrumbList\",\"@id\":\"https:\/\/rudasbistro.hu\/termek\/premium-brunch-kupon-torok-furdovel\/#breadcrumb\",\"itemListElement\":[{\"@type\":\"ListItem\",\"position\":1,\"name\":\"Home\",\"item\":\"https:\/\/rudasbistro.hu\/\"},{\"@type\":\"ListItem\",\"position\":2,\"name\":\"Products\",\"item\":\"https:\/\/rudasbistro.hu\/shop\/\"},{\"@type\":\"ListItem\",\"position\":3,\"name\":\"PR\u00c9MIUM BRUNCH KUPON &#8211; T\u00f6r\u00f6k f\u00fcrd\u0151vel vagy t\u00f6r\u00f6k f\u00fcrd\u0151 n\u00e9lk\u00fcl\"}]},{\"@type\":\"WebSite\",\"@id\":\"https:\/\/rudasbistro.hu\/#website\",\"url\":\"https:\/\/rudasbistro.hu\/\",\"name\":\"Rudas Bistro\",\"description\":\"\",\"publisher\":{\"@id\":\"https:\/\/rudasbistro.hu\/#organization\"},\"potentialAction\":[{\"@type\":\"SearchAction\",\"target\":{\"@type\":\"EntryPoint\",\"urlTemplate\":\"https:\/\/rudasbistro.hu\/?s={search_term_string}\"},\"query-input\":\"required name=search_term_string\"}],\"inLanguage\":\"zh-CN\"},{\"@type\":\"Organization\",\"@id\":\"https:\/\/rudasbistro.hu\/#organization\",\"name\":\"Rudas Bistro\",\"url\":\"https:\/\/rudasbistro.hu\/\",\"logo\":{\"@type\":\"ImageObject\",\"inLanguage\":\"zh-CN\",\"@id\":\"https:\/\/rudasbistro.hu\/#\/schema\/logo\/image\/\",\"url\":\"https:\/\/rudasbistro.hu\/wp-content\/uploads\/2020\/03\/RUDAS_logo_2018_06.png\",\"contentUrl\":\"https:\/\/rudasbistro.hu\/wp-content\/uploads\/2020\/03\/RUDAS_logo_2018_06.png\",\"width\":1920,\"height\":1920,\"caption\":\"Rudas Bistro\"},\"image\":{\"@id\":\"https:\/\/rudasbistro.hu\/#\/schema\/logo\/image\/\"},\"sameAs\":[\"https:\/\/www.facebook.com\/rudasbistro\/\",\"https:\/\/www.instagram.com\/rudasbistro\/\",\"https:\/\/www.youtube.com\/channel\/UClU2jG0y6Pc8PLoo56z-p5Q\"]}]}<\/script>\n<!-- \/ Yoast SEO plugin. -->","yoast_head_json":{"title":"PR\u00c9MIUM BRUNCH KUPON - T\u00f6r\u00f6k f\u00fcrd\u0151vel vagy t\u00f6r\u00f6k f\u00fcrd\u0151 n\u00e9lk\u00fcl - Rudas Bistro","description":"3 fog\u00e1sos a\u2019la carte alap eb\u00e9d \u00e9s Chef aj\u00e1nlataeg\u00e9sz napos h\u00e9tk\u00f6znapi WELLNESS bel\u00e9p\u0151jegyA csomagok a megv\u00e1s\u00e1rl\u00e1st k\u00f6vet\u0151en 6 h\u00f3napig lesznek \u00e9rv\u00e9nyesek.","robots":{"index":"index","follow":"follow","max-snippet":"max-snippet:-1","max-image-preview":"max-image-preview:large","max-video-preview":"max-video-preview:-1"},"canonical":"https:\/\/rudasbistro.hu\/zh\/product\/premium-brunch-kupon-torok-furdovel\/","og_locale":"zh_CN","og_type":"article","og_title":"PR\u00c9MIUM BRUNCH KUPON - T\u00f6r\u00f6k f\u00fcrd\u0151vel vagy t\u00f6r\u00f6k f\u00fcrd\u0151 n\u00e9lk\u00fcl - Rudas Bistro","og_description":"3 fog\u00e1sos a\u2019la carte alap eb\u00e9d \u00e9s Chef aj\u00e1nlataeg\u00e9sz napos h\u00e9tk\u00f6znapi WELLNESS bel\u00e9p\u0151jegyA csomagok a megv\u00e1s\u00e1rl\u00e1st k\u00f6vet\u0151en 6 h\u00f3napig lesznek \u00e9rv\u00e9nyesek.","og_url":"https:\/\/rudasbistro.hu\/zh\/product\/premium-brunch-kupon-torok-furdovel\/","og_site_name":"Rudas Bistro","article_publisher":"https:\/\/www.facebook.com\/rudasbistro\/","article_modified_time":"2026-04-16T00:03:11+00:00","og_image":[{"width":500,"height":333,"url":"https:\/\/rudasbistro.hu\/wp-content\/uploads\/2017\/11\/CSP_0178-scaled-e1730994890144.jpg","type":"image\/jpeg"}],"twitter_card":"summary_large_image","twitter_misc":{"\u9884\u8ba1\u9605\u8bfb\u65f6\u95f4":"1\u5206"},"schema":{"@context":"https:\/\/schema.org","@graph":[{"@type":"WebPage","@id":"https:\/\/rudasbistro.hu\/termek\/premium-brunch-kupon-torok-furdovel\/","url":"https:\/\/rudasbistro.hu\/termek\/premium-brunch-kupon-torok-furdovel\/","name":"PR\u00c9MIUM BRUNCH KUPON - T\u00f6r\u00f6k f\u00fcrd\u0151vel vagy t\u00f6r\u00f6k f\u00fcrd\u0151 n\u00e9lk\u00fcl - Rudas Bistro","isPartOf":{"@id":"https:\/\/rudasbistro.hu\/#website"},"primaryImageOfPage":{"@id":"https:\/\/rudasbistro.hu\/termek\/premium-brunch-kupon-torok-furdovel\/#primaryimage"},"image":{"@id":"https:\/\/rudasbistro.hu\/termek\/premium-brunch-kupon-torok-furdovel\/#primaryimage"},"thumbnailUrl":"https:\/\/rudasbistro.hu\/wp-content\/uploads\/2017\/11\/CSP_0178-scaled-e1730994890144.jpg","datePublished":"2025-09-25T20:28:58+00:00","dateModified":"2026-04-16T00:03:11+00:00","description":"3 fog\u00e1sos a\u2019la carte alap eb\u00e9d \u00e9s Chef aj\u00e1nlataeg\u00e9sz napos h\u00e9tk\u00f6znapi WELLNESS bel\u00e9p\u0151jegyA csomagok a megv\u00e1s\u00e1rl\u00e1st k\u00f6vet\u0151en 6 h\u00f3napig lesznek \u00e9rv\u00e9nyesek.","breadcrumb":{"@id":"https:\/\/rudasbistro.hu\/termek\/premium-brunch-kupon-torok-furdovel\/#breadcrumb"},"inLanguage":"zh-CN","potentialAction":[{"@type":"ReadAction","target":["https:\/\/rudasbistro.hu\/termek\/premium-brunch-kupon-torok-furdovel\/"]}]},{"@type":"ImageObject","inLanguage":"zh-CN","@id":"https:\/\/rudasbistro.hu\/termek\/premium-brunch-kupon-torok-furdovel\/#primaryimage","url":"https:\/\/rudasbistro.hu\/wp-content\/uploads\/2017\/11\/CSP_0178-scaled-e1730994890144.jpg","contentUrl":"https:\/\/rudasbistro.hu\/wp-content\/uploads\/2017\/11\/CSP_0178-scaled-e1730994890144.jpg","width":500,"height":333},{"@type":"BreadcrumbList","@id":"https:\/\/rudasbistro.hu\/termek\/premium-brunch-kupon-torok-furdovel\/#breadcrumb","itemListElement":[{"@type":"ListItem","position":1,"name":"Home","item":"https:\/\/rudasbistro.hu\/"},{"@type":"ListItem","position":2,"name":"Products","item":"https:\/\/rudasbistro.hu\/shop\/"},{"@type":"ListItem","position":3,"name":"PR\u00c9MIUM BRUNCH KUPON &#8211; T\u00f6r\u00f6k f\u00fcrd\u0151vel vagy t\u00f6r\u00f6k f\u00fcrd\u0151 n\u00e9lk\u00fcl"}]},{"@type":"WebSite","@id":"https:\/\/rudasbistro.hu\/#website","url":"https:\/\/rudasbistro.hu\/","name":"Rudas Bistro","description":"","publisher":{"@id":"https:\/\/rudasbistro.hu\/#organization"},"potentialAction":[{"@type":"SearchAction","target":{"@type":"EntryPoint","urlTemplate":"https:\/\/rudasbistro.hu\/?s={search_term_string}"},"query-input":"required name=search_term_string"}],"inLanguage":"zh-CN"},{"@type":"Organization","@id":"https:\/\/rudasbistro.hu\/#organization","name":"Rudas Bistro","url":"https:\/\/rudasbistro.hu\/","logo":{"@type":"ImageObject","inLanguage":"zh-CN","@id":"https:\/\/rudasbistro.hu\/#\/schema\/logo\/image\/","url":"https:\/\/rudasbistro.hu\/wp-content\/uploads\/2020\/03\/RUDAS_logo_2018_06.png","contentUrl":"https:\/\/rudasbistro.hu\/wp-content\/uploads\/2020\/03\/RUDAS_logo_2018_06.png","width":1920,"height":1920,"caption":"Rudas Bistro"},"image":{"@id":"https:\/\/rudasbistro.hu\/#\/schema\/logo\/image\/"},"sameAs":["https:\/\/www.facebook.com\/rudasbistro\/","https:\/\/www.instagram.com\/rudasbistro\/","https:\/\/www.youtube.com\/channel\/UClU2jG0y6Pc8PLoo56z-p5Q"]}]}},"_links":{"self":[{"href":"https:\/\/rudasbistro.hu\/zh\/wp-json\/wp\/v2\/product\/14975"}],"collection":[{"href":"https:\/\/rudasbistro.hu\/zh\/wp-json\/wp\/v2\/product"}],"about":[{"href":"https:\/\/rudasbistro.hu\/zh\/wp-json\/wp\/v2\/types\/product"}],"wp:featuredmedia":[{"embeddable":true,"href":"https:\/\/rudasbistro.hu\/zh\/wp-json\/wp\/v2\/media\/10123"}],"wp:attachment":[{"href":"https:\/\/rudasbistro.hu\/zh\/wp-json\/wp\/v2\/media?parent=14975"}],"wp:term":[{"taxonomy":"product_cat","embeddable":true,"href":"https:\/\/rudasbistro.hu\/zh\/wp-json\/wp\/v2\/product_cat?post=14975"},{"taxonomy":"product_tag","embeddable":true,"href":"https:\/\/rudasbistro.hu\/zh\/wp-json\/wp\/v2\/product_tag?post=14975"}],"curies":[{"name":"wp","href":"https:\/\/api.w.org\/{rel}","templated":true}]}}