{"id":16060,"date":"2026-01-30T18:31:45","date_gmt":"2026-01-30T17:31:45","guid":{"rendered":"https:\/\/rudasbistro.hu\/?post_type=product&#038;p=16060"},"modified":"2026-01-30T18:39:13","modified_gmt":"2026-01-30T17:39:13","slug":"valentines-day-csin-csin-wine-dinner-at-rudas-bistro-with-vylyan-winery-february-14-2026-at-700-pm","status":"publish","type":"product","link":"https:\/\/rudasbistro.hu\/en\/product\/valentines-day-csin-csin-wine-dinner-at-rudas-bistro-with-vylyan-winery-february-14-2026-at-700-pm\/","title":{"rendered":"Valentine&#8217;s Day &#8222;Csin-Csin&#8221; Wine Dinner at Rudas Bistro with Vylyan Winery February 14, 2026, at 7:00 PM"},"content":{"rendered":"<h2 data-path-to-node=\"2\">\u2764\ufe0f Valentine&#8217;s Day Rudas Csin-Csin!<\/h2>\n<p data-path-to-node=\"3\"><b data-path-to-node=\"3\" data-index-in-node=\"0\">An Exclusive Five-Course Vylyan Wine Dinner at Rudas Bistro<\/b><\/p>\n<h2 style=\"text-align: left;\" data-start=\"210\" data-end=\"246\"><a style=\"font-size: 16px;\" href=\"https:\/\/rudasbistro.hu\/wp-content\/uploads\/2026\/01\/1417506_679816352062515_490906395_o.jpg\"><img decoding=\"async\" loading=\"lazy\" class=\"alignnone wp-image-16021 size-thumbnail\" src=\"https:\/\/rudasbistro.hu\/wp-content\/uploads\/2026\/01\/1417506_679816352062515_490906395_o-150x54.jpg\" alt=\"\" width=\"150\" height=\"54\" srcset=\"https:\/\/rudasbistro.hu\/wp-content\/uploads\/2026\/01\/1417506_679816352062515_490906395_o-150x54.jpg 150w, https:\/\/rudasbistro.hu\/wp-content\/uploads\/2026\/01\/1417506_679816352062515_490906395_o-500x181.jpg 500w, https:\/\/rudasbistro.hu\/wp-content\/uploads\/2026\/01\/1417506_679816352062515_490906395_o-18x7.jpg 18w, https:\/\/rudasbistro.hu\/wp-content\/uploads\/2026\/01\/1417506_679816352062515_490906395_o-300x109.jpg 300w, https:\/\/rudasbistro.hu\/wp-content\/uploads\/2026\/01\/1417506_679816352062515_490906395_o-600x218.jpg 600w, https:\/\/rudasbistro.hu\/wp-content\/uploads\/2026\/01\/1417506_679816352062515_490906395_o.jpg 640w\" sizes=\"(max-width: 150px) 100vw, 150px\" \/><\/a><\/h2>\n<p data-path-to-node=\"4\">The highly successful &#8222;Rudas Csin-Csin&#8221; event series continues\u2014and this year, we are preparing a truly special evening for Valentine&#8217;s Day. A romantic dinner where everything is set for perfection:<\/p>\n<ul data-path-to-node=\"5\">\n<li>\n<p data-path-to-node=\"5,0,0\"><b data-path-to-node=\"5,0,0\" data-index-in-node=\"0\">Exclusive Vylyan wine selection<\/b><\/p>\n<\/li>\n<li>\n<p data-path-to-node=\"5,1,0\"><b data-path-to-node=\"5,1,0\" data-index-in-node=\"0\">5-course gourmet menu<\/b> by Chef Sebesty\u00e9n R\u00e9ti<\/p>\n<\/li>\n<li>\n<p data-path-to-node=\"5,2,0\"><b data-path-to-node=\"5,2,0\" data-index-in-node=\"0\">Live music<\/b> by Anita Cs\u00f3ka<\/p>\n<\/li>\n<li>\n<p data-path-to-node=\"5,3,0\"><b data-path-to-node=\"5,3,0\" data-index-in-node=\"0\">Unparalleled Danube panorama<\/b> at Rudas Bistro<\/p>\n<\/li>\n<\/ul>\n<p data-path-to-node=\"6\">Our special guest for the evening is <b data-path-to-node=\"6\" data-index-in-node=\"37\">S\u00e1ndor T\u00f3th, Chief Winemaker of Vylyan Winery<\/b>, who will personally share the stories behind every glass and the heritage of the estate.<\/p>\n<p data-path-to-node=\"7\">As he puts it:<\/p>\n<blockquote data-path-to-node=\"8\">\n<p data-path-to-node=\"8,0\">&#8222;I am open to innovation, but I also believe in the power of well-established traditions. I want to showcase elegance, uniqueness, and reliable quality through my wines.&#8221;<\/p>\n<\/blockquote>\n<p data-path-to-node=\"9\">This evening is about flavor, atmosphere, wine\u2014and love. The romantic mood is completed by the versatile live performance of <b data-path-to-node=\"9\" data-index-in-node=\"125\">Anita Cs\u00f3ka<\/b>, whose repertoire spans opera, operetta, musicals, chanson, and pop.<\/p>\n<p data-path-to-node=\"10\">\u2728 <b data-path-to-node=\"10\" data-index-in-node=\"2\">Surprise each other with an unforgettable experience!<\/b> For one night, we provide the romance; you just bring each other. Join us on <b data-path-to-node=\"10\" data-index-in-node=\"133\">Saturday, February 14th, from 7:00 PM<\/b> for a night of gourmet dishes and a magnificent atmosphere.<\/p>\n<hr data-path-to-node=\"11\" \/>\n<h3 data-path-to-node=\"12\"><b data-path-to-node=\"12\" data-index-in-node=\"0\">The Menu<\/b><\/h3>\n<p data-path-to-node=\"13\"><b data-path-to-node=\"13\" data-index-in-node=\"0\">Welcome Dish<\/b> Korean Beef Tartare with black sesame cream <i data-path-to-node=\"13\" data-index-in-node=\"57\">Vylyan Sauvignon Blanc 2025 (Limited edition, premiering at our event!)<\/i><\/p>\n<p data-path-to-node=\"14\"><b data-path-to-node=\"14\" data-index-in-node=\"0\">Appetizer<\/b> Smoked Duck Breast Carpaccio with Merlot-plum reduction, served on rice paper with fresh greens <i data-path-to-node=\"14\" data-index-in-node=\"106\">Vylyan Kakas Ros\u00e9 2025<\/i><\/p>\n<p data-path-to-node=\"15\"><b data-path-to-node=\"15\" data-index-in-node=\"0\">First Main Course<\/b> Filet Mignon with purple potato mousse, garlic-spinach butter, and tempura green beans <i data-path-to-node=\"15\" data-index-in-node=\"105\">Vylyan Montenuovo 2022<\/i><\/p>\n<p data-path-to-node=\"16\"><b data-path-to-node=\"16\" data-index-in-node=\"0\">Second Main Course<\/b> Tuna Steaks in a hot soy ragout with grilled pak choi, chili-mango rice, and Thai greens <i data-path-to-node=\"16\" data-index-in-node=\"108\">Syrah 2020<\/i><\/p>\n<p data-path-to-node=\"17\"><b data-path-to-node=\"17\" data-index-in-node=\"0\">Dessert<\/b> Chocolate Mousse &amp; Pink Berry Mousse with honey-ginger crunch <i data-path-to-node=\"17\" data-index-in-node=\"70\">Vylyan Mandul\u00e1s 2021<\/i><\/p>\n<hr data-path-to-node=\"18\" \/>\n<h3 data-path-to-node=\"19\"><b data-path-to-node=\"19\" data-index-in-node=\"0\">General Information<\/b><\/h3>\n<ul data-path-to-node=\"20\">\n<li>\n<p data-path-to-node=\"20,0,0\"><b data-path-to-node=\"20,0,0\" data-index-in-node=\"0\">Food Sensitivities:<\/b> Please notify us upon booking, and we will provide a suitable alternative.<\/p>\n<\/li>\n<li>\n<p data-path-to-node=\"20,1,0\"><b data-path-to-node=\"20,1,0\" data-index-in-node=\"0\">Non-alcoholic Options:<\/b> If you prefer not to consume wine, we offer a selection of non-alcoholic cocktails and lemonades.<\/p>\n<\/li>\n<li>\n<p data-path-to-node=\"20,2,0\"><b data-path-to-node=\"20,2,0\" data-index-in-node=\"0\">Beverages:<\/b> Unlimited soda and still water included.<\/p>\n<\/li>\n<li>\n<p data-path-to-node=\"20,3,0\"><b data-path-to-node=\"20,3,0\" data-index-in-node=\"0\">Price:<\/b> 24,990 HUF per person<\/p>\n<\/li>\n<\/ul>\n<p data-path-to-node=\"21\"><b data-path-to-node=\"21\" data-index-in-node=\"0\">Wine, Panorama, and Romance \u2013 Danube experiences poured into a glass.<\/b> Be part of this exclusive evening and discover the world of Vylyan wines during an elegant dinner with a magical view of the Danube!<\/p>\n<p data-path-to-node=\"22\"><b data-path-to-node=\"22\" data-index-in-node=\"0\">Don\u2019t miss out! Book your table now!<\/b><\/p>\n<hr data-path-to-node=\"23\" \/>\n<p data-path-to-node=\"24\">Would you like me to create a shorter version for an Instagram post or perhaps a professional email subject line to go with this?<\/p>\n<table style=\"border-collapse: collapse; width: 100%;\">\n<tbody>\n<tr>\n<td style=\"width: 50%;\"><a href=\"https:\/\/rudasbistro.hu\/wp-content\/uploads\/2026\/01\/0S5A7342b-scaled.jpg\"><img decoding=\"async\" loading=\"lazy\" class=\"aligncenter wp-image-16022 size-medium\" src=\"https:\/\/rudasbistro.hu\/wp-content\/uploads\/2026\/01\/0S5A7342b-333x500.jpg\" alt=\"\" width=\"333\" height=\"500\" srcset=\"https:\/\/rudasbistro.hu\/wp-content\/uploads\/2026\/01\/0S5A7342b-333x500.jpg 333w, https:\/\/rudasbistro.hu\/wp-content\/uploads\/2026\/01\/0S5A7342b-683x1024.jpg 683w, https:\/\/rudasbistro.hu\/wp-content\/uploads\/2026\/01\/0S5A7342b-100x150.jpg 100w, https:\/\/rudasbistro.hu\/wp-content\/uploads\/2026\/01\/0S5A7342b-768x1152.jpg 768w, https:\/\/rudasbistro.hu\/wp-content\/uploads\/2026\/01\/0S5A7342b-1024x1536.jpg 1024w, https:\/\/rudasbistro.hu\/wp-content\/uploads\/2026\/01\/0S5A7342b-1365x2048.jpg 1365w, https:\/\/rudasbistro.hu\/wp-content\/uploads\/2026\/01\/0S5A7342b-8x12.jpg 8w, https:\/\/rudasbistro.hu\/wp-content\/uploads\/2026\/01\/0S5A7342b-300x450.jpg 300w, https:\/\/rudasbistro.hu\/wp-content\/uploads\/2026\/01\/0S5A7342b-600x900.jpg 600w, https:\/\/rudasbistro.hu\/wp-content\/uploads\/2026\/01\/0S5A7342b-scaled.jpg 1707w\" sizes=\"(max-width: 333px) 100vw, 333px\" \/><\/a><\/td>\n<td style=\"width: 50%;\"><a href=\"https:\/\/rudasbistro.hu\/wp-content\/uploads\/2026\/01\/viber_kep_2026-01-23_10-42-51-134.jpg\"><img decoding=\"async\" loading=\"lazy\" class=\"aligncenter wp-image-16023 size-medium\" src=\"https:\/\/rudasbistro.hu\/wp-content\/uploads\/2026\/01\/viber_kep_2026-01-23_10-42-51-134-382x500.jpg\" alt=\"\" width=\"382\" height=\"500\" srcset=\"https:\/\/rudasbistro.hu\/wp-content\/uploads\/2026\/01\/viber_kep_2026-01-23_10-42-51-134-382x500.jpg 382w, https:\/\/rudasbistro.hu\/wp-content\/uploads\/2026\/01\/viber_kep_2026-01-23_10-42-51-134-115x150.jpg 115w, https:\/\/rudasbistro.hu\/wp-content\/uploads\/2026\/01\/viber_kep_2026-01-23_10-42-51-134-9x12.jpg 9w, https:\/\/rudasbistro.hu\/wp-content\/uploads\/2026\/01\/viber_kep_2026-01-23_10-42-51-134-300x393.jpg 300w, https:\/\/rudasbistro.hu\/wp-content\/uploads\/2026\/01\/viber_kep_2026-01-23_10-42-51-134.jpg 392w\" sizes=\"(max-width: 382px) 100vw, 382px\" \/><\/a><\/td>\n<\/tr>\n<\/tbody>\n<\/table>\n<table style=\"border-collapse: collapse; width: 100%; height: 676px;\">\n<tbody>\n<tr style=\"height: 0px;\">\n<td style=\"width: 50%; height: 0px;\"><\/td>\n<td style=\"width: 50%; height: 0px;\"><\/td>\n<\/tr>\n<tr style=\"height: 332px;\">\n<td style=\"width: 50%; height: 332px;\"><a href=\"https:\/\/rudasbistro.hu\/wp-content\/uploads\/2026\/01\/Wordpress-768-\u00d7-510-1.png\"><img decoding=\"async\" loading=\"lazy\" class=\"aligncenter wp-image-16029 size-medium\" src=\"https:\/\/rudasbistro.hu\/wp-content\/uploads\/2026\/01\/Wordpress-768-\u00d7-510-1-500x332.png\" alt=\"\" width=\"500\" height=\"332\" srcset=\"https:\/\/rudasbistro.hu\/wp-content\/uploads\/2026\/01\/Wordpress-768-\u00d7-510-1-500x332.png 500w, https:\/\/rudasbistro.hu\/wp-content\/uploads\/2026\/01\/Wordpress-768-\u00d7-510-1-150x100.png 150w, https:\/\/rudasbistro.hu\/wp-content\/uploads\/2026\/01\/Wordpress-768-\u00d7-510-1-18x12.png 18w, https:\/\/rudasbistro.hu\/wp-content\/uploads\/2026\/01\/Wordpress-768-\u00d7-510-1-300x199.png 300w, https:\/\/rudasbistro.hu\/wp-content\/uploads\/2026\/01\/Wordpress-768-\u00d7-510-1-600x398.png 600w, https:\/\/rudasbistro.hu\/wp-content\/uploads\/2026\/01\/Wordpress-768-\u00d7-510-1.png 768w\" sizes=\"(max-width: 500px) 100vw, 500px\" \/><\/a><\/td>\n<td style=\"width: 50%; height: 332px;\"><a href=\"https:\/\/rudasbistro.hu\/wp-content\/uploads\/2026\/01\/10dolog_03.jpg\"><img decoding=\"async\" loading=\"lazy\" class=\"aligncenter wp-image-16025 size-medium\" src=\"https:\/\/rudasbistro.hu\/wp-content\/uploads\/2026\/01\/10dolog_03-500x307.jpg\" alt=\"\" width=\"500\" height=\"307\" srcset=\"https:\/\/rudasbistro.hu\/wp-content\/uploads\/2026\/01\/10dolog_03-500x307.jpg 500w, https:\/\/rudasbistro.hu\/wp-content\/uploads\/2026\/01\/10dolog_03-1024x629.jpg 1024w, https:\/\/rudasbistro.hu\/wp-content\/uploads\/2026\/01\/10dolog_03-150x92.jpg 150w, https:\/\/rudasbistro.hu\/wp-content\/uploads\/2026\/01\/10dolog_03-768x472.jpg 768w, https:\/\/rudasbistro.hu\/wp-content\/uploads\/2026\/01\/10dolog_03-1536x944.jpg 1536w, https:\/\/rudasbistro.hu\/wp-content\/uploads\/2026\/01\/10dolog_03-18x12.jpg 18w, https:\/\/rudasbistro.hu\/wp-content\/uploads\/2026\/01\/10dolog_03-300x184.jpg 300w, https:\/\/rudasbistro.hu\/wp-content\/uploads\/2026\/01\/10dolog_03-600x369.jpg 600w, https:\/\/rudasbistro.hu\/wp-content\/uploads\/2026\/01\/10dolog_03.jpg 1900w\" sizes=\"(max-width: 500px) 100vw, 500px\" \/><\/a><\/td>\n<\/tr>\n<tr style=\"height: 344px;\">\n<td style=\"width: 50%; height: 344px;\"><a href=\"https:\/\/rudasbistro.hu\/wp-content\/uploads\/2026\/01\/IMG_0067-scaled.jpg\"><img decoding=\"async\" loading=\"lazy\" class=\"aligncenter wp-image-16033 size-medium\" src=\"https:\/\/rudasbistro.hu\/wp-content\/uploads\/2026\/01\/IMG_0067-500x333.jpg\" alt=\"\" width=\"500\" height=\"333\" srcset=\"https:\/\/rudasbistro.hu\/wp-content\/uploads\/2026\/01\/IMG_0067-500x333.jpg 500w, https:\/\/rudasbistro.hu\/wp-content\/uploads\/2026\/01\/IMG_0067-1024x683.jpg 1024w, https:\/\/rudasbistro.hu\/wp-content\/uploads\/2026\/01\/IMG_0067-150x100.jpg 150w, https:\/\/rudasbistro.hu\/wp-content\/uploads\/2026\/01\/IMG_0067-768x512.jpg 768w, https:\/\/rudasbistro.hu\/wp-content\/uploads\/2026\/01\/IMG_0067-1536x1024.jpg 1536w, https:\/\/rudasbistro.hu\/wp-content\/uploads\/2026\/01\/IMG_0067-2048x1365.jpg 2048w, https:\/\/rudasbistro.hu\/wp-content\/uploads\/2026\/01\/IMG_0067-18x12.jpg 18w, https:\/\/rudasbistro.hu\/wp-content\/uploads\/2026\/01\/IMG_0067-300x200.jpg 300w, https:\/\/rudasbistro.hu\/wp-content\/uploads\/2026\/01\/IMG_0067-600x400.jpg 600w\" sizes=\"(max-width: 500px) 100vw, 500px\" \/><\/a><\/td>\n<td style=\"width: 50%; height: 344px;\"><a href=\"https:\/\/rudasbistro.hu\/wp-content\/uploads\/2025\/04\/CSP_2838.jpg\"><img decoding=\"async\" loading=\"lazy\" class=\"aligncenter wp-image-14143 size-medium\" src=\"https:\/\/rudasbistro.hu\/wp-content\/uploads\/2025\/04\/CSP_2838-500x333.jpg\" alt=\"\" width=\"500\" height=\"333\" srcset=\"https:\/\/rudasbistro.hu\/wp-content\/uploads\/2025\/04\/CSP_2838-500x333.jpg 500w, https:\/\/rudasbistro.hu\/wp-content\/uploads\/2025\/04\/CSP_2838-1024x681.jpg 1024w, https:\/\/rudasbistro.hu\/wp-content\/uploads\/2025\/04\/CSP_2838-150x100.jpg 150w, https:\/\/rudasbistro.hu\/wp-content\/uploads\/2025\/04\/CSP_2838-768x511.jpg 768w, https:\/\/rudasbistro.hu\/wp-content\/uploads\/2025\/04\/CSP_2838-18x12.jpg 18w, https:\/\/rudasbistro.hu\/wp-content\/uploads\/2025\/04\/CSP_2838-300x200.jpg 300w, https:\/\/rudasbistro.hu\/wp-content\/uploads\/2025\/04\/CSP_2838-600x399.jpg 600w, https:\/\/rudasbistro.hu\/wp-content\/uploads\/2025\/04\/CSP_2838.jpg 1500w\" sizes=\"(max-width: 500px) 100vw, 500px\" \/><\/a><\/td>\n<\/tr>\n<\/tbody>\n<\/table>","protected":false},"excerpt":{"rendered":"<p>\u2764\ufe0f Valentine&#8217;s Day Rudas Csin-Csin! An Exclusive Five-Course Vylyan Wine Dinner at Rudas Bistro The highly successful &#8222;Rudas Csin-Csin&#8221; event series continues\u2014and this year, we are preparing a truly special evening for Valentine&#8217;s Day. A romantic dinner where everything is set for perfection: Exclusive Vylyan wine selection 5-course gourmet menu by Chef Sebesty\u00e9n R\u00e9ti Live [&hellip;]<\/p>","protected":false},"featured_media":16047,"template":"","meta":[],"product_cat":[23],"product_tag":[],"yoast_head":"<!-- This site is optimized with the Yoast SEO plugin v22.6 - https:\/\/yoast.com\/wordpress\/plugins\/seo\/ -->\n<title>Valentine&#039;s Day &quot;Csin-Csin&quot; Wine Dinner at Rudas Bistro with Vylyan Winery February 14, 2026, at 7:00 PM - Rudas Bistro<\/title>\n<meta name=\"description\" content=\"Rudas Bistro, Rudas Csin-csin! 2026.02.14. 19:00 Valentin napi borvacsora a Vylyan pinc\u00e9szet boraival, Cs\u00f3ka Anita \u00e9l\u0151zenei koncertj\u00e9vel\" \/>\n<meta name=\"robots\" content=\"index, follow, max-snippet:-1, max-image-preview:large, max-video-preview:-1\" \/>\n<link rel=\"canonical\" href=\"https:\/\/rudasbistro.hu\/en\/product\/valentines-day-csin-csin-wine-dinner-at-rudas-bistro-with-vylyan-winery-february-14-2026-at-700-pm\/\" \/>\n<meta property=\"og:locale\" content=\"en_US\" \/>\n<meta property=\"og:type\" content=\"article\" \/>\n<meta property=\"og:title\" content=\"Valentine&#039;s Day &quot;Csin-Csin&quot; Wine Dinner at Rudas Bistro with Vylyan Winery February 14, 2026, at 7:00 PM - Rudas Bistro\" \/>\n<meta property=\"og:description\" content=\"Rudas Bistro, Rudas Csin-csin! 2026.02.14. 19:00 Valentin napi borvacsora a Vylyan pinc\u00e9szet boraival, Cs\u00f3ka Anita \u00e9l\u0151zenei koncertj\u00e9vel\" \/>\n<meta property=\"og:url\" content=\"https:\/\/rudasbistro.hu\/en\/product\/valentines-day-csin-csin-wine-dinner-at-rudas-bistro-with-vylyan-winery-february-14-2026-at-700-pm\/\" \/>\n<meta property=\"og:site_name\" content=\"Rudas Bistro\" \/>\n<meta property=\"article:publisher\" content=\"https:\/\/www.facebook.com\/rudasbistro\/\" \/>\n<meta property=\"article:modified_time\" content=\"2026-01-30T17:39:13+00:00\" \/>\n<meta property=\"og:image\" content=\"https:\/\/rudasbistro.hu\/wp-content\/uploads\/2026\/01\/original_clean_text_logo-1024x679.png\" \/>\n\t<meta property=\"og:image:width\" content=\"1024\" \/>\n\t<meta property=\"og:image:height\" content=\"679\" \/>\n\t<meta property=\"og:image:type\" content=\"image\/png\" \/>\n<meta name=\"twitter:card\" content=\"summary_large_image\" \/>\n<meta name=\"twitter:label1\" content=\"Est. reading time\" \/>\n\t<meta name=\"twitter:data1\" content=\"4 minutes\" \/>\n<script type=\"application\/ld+json\" class=\"yoast-schema-graph\">{\"@context\":\"https:\/\/schema.org\",\"@graph\":[{\"@type\":\"WebPage\",\"@id\":\"https:\/\/rudasbistro.hu\/termek\/valentines-day-csin-csin-wine-dinner-at-rudas-bistro-with-vylyan-winery-february-14-2026-at-700-pm\/\",\"url\":\"https:\/\/rudasbistro.hu\/termek\/valentines-day-csin-csin-wine-dinner-at-rudas-bistro-with-vylyan-winery-february-14-2026-at-700-pm\/\",\"name\":\"Valentine's Day \\\"Csin-Csin\\\" Wine Dinner at Rudas Bistro with Vylyan Winery February 14, 2026, at 7:00 PM - Rudas Bistro\",\"isPartOf\":{\"@id\":\"https:\/\/rudasbistro.hu\/#website\"},\"primaryImageOfPage\":{\"@id\":\"https:\/\/rudasbistro.hu\/termek\/valentines-day-csin-csin-wine-dinner-at-rudas-bistro-with-vylyan-winery-february-14-2026-at-700-pm\/#primaryimage\"},\"image\":{\"@id\":\"https:\/\/rudasbistro.hu\/termek\/valentines-day-csin-csin-wine-dinner-at-rudas-bistro-with-vylyan-winery-february-14-2026-at-700-pm\/#primaryimage\"},\"thumbnailUrl\":\"https:\/\/rudasbistro.hu\/wp-content\/uploads\/2026\/01\/original_clean_text_logo.png\",\"datePublished\":\"2026-01-30T17:31:45+00:00\",\"dateModified\":\"2026-01-30T17:39:13+00:00\",\"description\":\"Rudas Bistro, Rudas Csin-csin! 2026.02.14. 19:00 Valentin napi borvacsora a Vylyan pinc\u00e9szet boraival, Cs\u00f3ka Anita \u00e9l\u0151zenei koncertj\u00e9vel\",\"breadcrumb\":{\"@id\":\"https:\/\/rudasbistro.hu\/termek\/valentines-day-csin-csin-wine-dinner-at-rudas-bistro-with-vylyan-winery-february-14-2026-at-700-pm\/#breadcrumb\"},\"inLanguage\":\"en-US\",\"potentialAction\":[{\"@type\":\"ReadAction\",\"target\":[\"https:\/\/rudasbistro.hu\/termek\/valentines-day-csin-csin-wine-dinner-at-rudas-bistro-with-vylyan-winery-february-14-2026-at-700-pm\/\"]}]},{\"@type\":\"ImageObject\",\"inLanguage\":\"en-US\",\"@id\":\"https:\/\/rudasbistro.hu\/termek\/valentines-day-csin-csin-wine-dinner-at-rudas-bistro-with-vylyan-winery-february-14-2026-at-700-pm\/#primaryimage\",\"url\":\"https:\/\/rudasbistro.hu\/wp-content\/uploads\/2026\/01\/original_clean_text_logo.png\",\"contentUrl\":\"https:\/\/rudasbistro.hu\/wp-content\/uploads\/2026\/01\/original_clean_text_logo.png\",\"width\":2048,\"height\":1357},{\"@type\":\"BreadcrumbList\",\"@id\":\"https:\/\/rudasbistro.hu\/termek\/valentines-day-csin-csin-wine-dinner-at-rudas-bistro-with-vylyan-winery-february-14-2026-at-700-pm\/#breadcrumb\",\"itemListElement\":[{\"@type\":\"ListItem\",\"position\":1,\"name\":\"Home\",\"item\":\"https:\/\/rudasbistro.hu\/\"},{\"@type\":\"ListItem\",\"position\":2,\"name\":\"Products\",\"item\":\"https:\/\/rudasbistro.hu\/shop\/\"},{\"@type\":\"ListItem\",\"position\":3,\"name\":\"Valentine&#8217;s Day &#8220;Csin-Csin&#8221; Wine Dinner at Rudas Bistro with Vylyan Winery February 14, 2026, at 7:00 PM\"}]},{\"@type\":\"WebSite\",\"@id\":\"https:\/\/rudasbistro.hu\/#website\",\"url\":\"https:\/\/rudasbistro.hu\/\",\"name\":\"Rudas Bistro\",\"description\":\"\",\"publisher\":{\"@id\":\"https:\/\/rudasbistro.hu\/#organization\"},\"potentialAction\":[{\"@type\":\"SearchAction\",\"target\":{\"@type\":\"EntryPoint\",\"urlTemplate\":\"https:\/\/rudasbistro.hu\/?s={search_term_string}\"},\"query-input\":\"required name=search_term_string\"}],\"inLanguage\":\"en-US\"},{\"@type\":\"Organization\",\"@id\":\"https:\/\/rudasbistro.hu\/#organization\",\"name\":\"Rudas Bistro\",\"url\":\"https:\/\/rudasbistro.hu\/\",\"logo\":{\"@type\":\"ImageObject\",\"inLanguage\":\"en-US\",\"@id\":\"https:\/\/rudasbistro.hu\/#\/schema\/logo\/image\/\",\"url\":\"https:\/\/rudasbistro.hu\/wp-content\/uploads\/2020\/03\/RUDAS_logo_2018_06.png\",\"contentUrl\":\"https:\/\/rudasbistro.hu\/wp-content\/uploads\/2020\/03\/RUDAS_logo_2018_06.png\",\"width\":1920,\"height\":1920,\"caption\":\"Rudas Bistro\"},\"image\":{\"@id\":\"https:\/\/rudasbistro.hu\/#\/schema\/logo\/image\/\"},\"sameAs\":[\"https:\/\/www.facebook.com\/rudasbistro\/\",\"https:\/\/www.instagram.com\/rudasbistro\/\",\"https:\/\/www.youtube.com\/channel\/UClU2jG0y6Pc8PLoo56z-p5Q\"]}]}<\/script>\n<!-- \/ Yoast SEO plugin. -->","yoast_head_json":{"title":"Valentine's Day \"Csin-Csin\" Wine Dinner at Rudas Bistro with Vylyan Winery February 14, 2026, at 7:00 PM - Rudas Bistro","description":"Rudas Bistro, Rudas Csin-csin! 2026.02.14. 19:00 Valentin napi borvacsora a Vylyan pinc\u00e9szet boraival, Cs\u00f3ka Anita \u00e9l\u0151zenei koncertj\u00e9vel","robots":{"index":"index","follow":"follow","max-snippet":"max-snippet:-1","max-image-preview":"max-image-preview:large","max-video-preview":"max-video-preview:-1"},"canonical":"https:\/\/rudasbistro.hu\/en\/product\/valentines-day-csin-csin-wine-dinner-at-rudas-bistro-with-vylyan-winery-february-14-2026-at-700-pm\/","og_locale":"en_US","og_type":"article","og_title":"Valentine's Day \"Csin-Csin\" Wine Dinner at Rudas Bistro with Vylyan Winery February 14, 2026, at 7:00 PM - Rudas Bistro","og_description":"Rudas Bistro, Rudas Csin-csin! 2026.02.14. 19:00 Valentin napi borvacsora a Vylyan pinc\u00e9szet boraival, Cs\u00f3ka Anita \u00e9l\u0151zenei koncertj\u00e9vel","og_url":"https:\/\/rudasbistro.hu\/en\/product\/valentines-day-csin-csin-wine-dinner-at-rudas-bistro-with-vylyan-winery-february-14-2026-at-700-pm\/","og_site_name":"Rudas Bistro","article_publisher":"https:\/\/www.facebook.com\/rudasbistro\/","article_modified_time":"2026-01-30T17:39:13+00:00","og_image":[{"width":1024,"height":679,"url":"https:\/\/rudasbistro.hu\/wp-content\/uploads\/2026\/01\/original_clean_text_logo-1024x679.png","type":"image\/png"}],"twitter_card":"summary_large_image","twitter_misc":{"Est. reading time":"4 minutes"},"schema":{"@context":"https:\/\/schema.org","@graph":[{"@type":"WebPage","@id":"https:\/\/rudasbistro.hu\/termek\/valentines-day-csin-csin-wine-dinner-at-rudas-bistro-with-vylyan-winery-february-14-2026-at-700-pm\/","url":"https:\/\/rudasbistro.hu\/termek\/valentines-day-csin-csin-wine-dinner-at-rudas-bistro-with-vylyan-winery-february-14-2026-at-700-pm\/","name":"Valentine's Day \"Csin-Csin\" Wine Dinner at Rudas Bistro with Vylyan Winery February 14, 2026, at 7:00 PM - Rudas Bistro","isPartOf":{"@id":"https:\/\/rudasbistro.hu\/#website"},"primaryImageOfPage":{"@id":"https:\/\/rudasbistro.hu\/termek\/valentines-day-csin-csin-wine-dinner-at-rudas-bistro-with-vylyan-winery-february-14-2026-at-700-pm\/#primaryimage"},"image":{"@id":"https:\/\/rudasbistro.hu\/termek\/valentines-day-csin-csin-wine-dinner-at-rudas-bistro-with-vylyan-winery-february-14-2026-at-700-pm\/#primaryimage"},"thumbnailUrl":"https:\/\/rudasbistro.hu\/wp-content\/uploads\/2026\/01\/original_clean_text_logo.png","datePublished":"2026-01-30T17:31:45+00:00","dateModified":"2026-01-30T17:39:13+00:00","description":"Rudas Bistro, Rudas Csin-csin! 2026.02.14. 19:00 Valentin napi borvacsora a Vylyan pinc\u00e9szet boraival, Cs\u00f3ka Anita \u00e9l\u0151zenei koncertj\u00e9vel","breadcrumb":{"@id":"https:\/\/rudasbistro.hu\/termek\/valentines-day-csin-csin-wine-dinner-at-rudas-bistro-with-vylyan-winery-february-14-2026-at-700-pm\/#breadcrumb"},"inLanguage":"en-US","potentialAction":[{"@type":"ReadAction","target":["https:\/\/rudasbistro.hu\/termek\/valentines-day-csin-csin-wine-dinner-at-rudas-bistro-with-vylyan-winery-february-14-2026-at-700-pm\/"]}]},{"@type":"ImageObject","inLanguage":"en-US","@id":"https:\/\/rudasbistro.hu\/termek\/valentines-day-csin-csin-wine-dinner-at-rudas-bistro-with-vylyan-winery-february-14-2026-at-700-pm\/#primaryimage","url":"https:\/\/rudasbistro.hu\/wp-content\/uploads\/2026\/01\/original_clean_text_logo.png","contentUrl":"https:\/\/rudasbistro.hu\/wp-content\/uploads\/2026\/01\/original_clean_text_logo.png","width":2048,"height":1357},{"@type":"BreadcrumbList","@id":"https:\/\/rudasbistro.hu\/termek\/valentines-day-csin-csin-wine-dinner-at-rudas-bistro-with-vylyan-winery-february-14-2026-at-700-pm\/#breadcrumb","itemListElement":[{"@type":"ListItem","position":1,"name":"Home","item":"https:\/\/rudasbistro.hu\/"},{"@type":"ListItem","position":2,"name":"Products","item":"https:\/\/rudasbistro.hu\/shop\/"},{"@type":"ListItem","position":3,"name":"Valentine&#8217;s Day &#8220;Csin-Csin&#8221; Wine Dinner at Rudas Bistro with Vylyan Winery February 14, 2026, at 7:00 PM"}]},{"@type":"WebSite","@id":"https:\/\/rudasbistro.hu\/#website","url":"https:\/\/rudasbistro.hu\/","name":"Rudas Bistro","description":"","publisher":{"@id":"https:\/\/rudasbistro.hu\/#organization"},"potentialAction":[{"@type":"SearchAction","target":{"@type":"EntryPoint","urlTemplate":"https:\/\/rudasbistro.hu\/?s={search_term_string}"},"query-input":"required name=search_term_string"}],"inLanguage":"en-US"},{"@type":"Organization","@id":"https:\/\/rudasbistro.hu\/#organization","name":"Rudas Bistro","url":"https:\/\/rudasbistro.hu\/","logo":{"@type":"ImageObject","inLanguage":"en-US","@id":"https:\/\/rudasbistro.hu\/#\/schema\/logo\/image\/","url":"https:\/\/rudasbistro.hu\/wp-content\/uploads\/2020\/03\/RUDAS_logo_2018_06.png","contentUrl":"https:\/\/rudasbistro.hu\/wp-content\/uploads\/2020\/03\/RUDAS_logo_2018_06.png","width":1920,"height":1920,"caption":"Rudas Bistro"},"image":{"@id":"https:\/\/rudasbistro.hu\/#\/schema\/logo\/image\/"},"sameAs":["https:\/\/www.facebook.com\/rudasbistro\/","https:\/\/www.instagram.com\/rudasbistro\/","https:\/\/www.youtube.com\/channel\/UClU2jG0y6Pc8PLoo56z-p5Q"]}]}},"_links":{"self":[{"href":"https:\/\/rudasbistro.hu\/en\/wp-json\/wp\/v2\/product\/16060"}],"collection":[{"href":"https:\/\/rudasbistro.hu\/en\/wp-json\/wp\/v2\/product"}],"about":[{"href":"https:\/\/rudasbistro.hu\/en\/wp-json\/wp\/v2\/types\/product"}],"wp:featuredmedia":[{"embeddable":true,"href":"https:\/\/rudasbistro.hu\/en\/wp-json\/wp\/v2\/media\/16047"}],"wp:attachment":[{"href":"https:\/\/rudasbistro.hu\/en\/wp-json\/wp\/v2\/media?parent=16060"}],"wp:term":[{"taxonomy":"product_cat","embeddable":true,"href":"https:\/\/rudasbistro.hu\/en\/wp-json\/wp\/v2\/product_cat?post=16060"},{"taxonomy":"product_tag","embeddable":true,"href":"https:\/\/rudasbistro.hu\/en\/wp-json\/wp\/v2\/product_tag?post=16060"}],"curies":[{"name":"wp","href":"https:\/\/api.w.org\/{rel}","templated":true}]}}