{"id":14973,"date":"2025-09-25T21:28:43","date_gmt":"2025-09-25T20:28:43","guid":{"rendered":"https:\/\/rudasbistro.hu\/?post_type=product&#038;p=14973"},"modified":"2026-03-15T00:33:46","modified_gmt":"2026-03-14T23:33:46","slug":"all-in-brunch-kupon-torok-furdovel","status":"publish","type":"product","link":"https:\/\/rudasbistro.hu\/en\/product\/all-in-brunch-kupon-torok-furdovel\/","title":{"rendered":"ALL-IN Brunch kupon &#8211; T\u00f6r\u00f6k f\u00fcrd\u0151vel"},"content":{"rendered":"<p style=\"text-align: justify;\">Az \u00e9lm\u00e9nyen csak 14. \u00e9v\u00e9t bet\u00f6lt\u00f6tt szem\u00e9ly vehet r\u00e9szt!<\/p>\n<p style=\"text-align: justify;\">A voucher megv\u00e1s\u00e1rl\u00e1s\u00e1t\u00f3l sz\u00e1m\u00edtott 6 h\u00f3napig \u00e9rv\u00e9nyes.<\/p>\n<p style=\"text-align: justify;\"><strong>Jelen utalv\u00e1ny h\u00e9tv\u00e9g\u00e9n (munkanapokon) haszn\u00e1lhat\u00f3 fel p\u00e9ntekt\u0151l-vas\u00e1rnapig. <\/strong><\/p>\n<p style=\"text-align: justify;\"><strong>A Rudas F\u00fcrd\u0151 \u00fcnnepnapokon (\u00fcnnepi h\u00e9tk\u00f6znapokon, elcser\u00e9lt h\u00e9tk\u00f6znapokon) h\u00e9tk\u00f6znap. illetve december k\u00f6zep\u00e9t\u0151l janu\u00e1r k\u00f6zep\u00e9ig terjed\u0151 Rudas F\u00fcrd\u0151 \u00e1ltal kiemelt id\u0151szakk\u00e9nt kezelt napokon emelt jegy\u00e1r k\u00fcl\u00f6nb\u00f6zeti fel\u00e1r megfizet\u00e9se ellen\u00e9ben tudj\u00e1k felhaszn\u00e1lni az utalv\u00e1nyt.<\/strong><\/p>\n<table style=\"border-collapse: collapse; width: 100%;\">\n<tbody>\n<tr>\n<td style=\"width: 50%;\"><img decoding=\"async\" loading=\"lazy\" class=\"alignnone size-full wp-image-14996\" src=\"https:\/\/rudasbistro.hu\/wp-content\/uploads\/2025\/09\/SIM1110a.jpg\" alt=\"\" width=\"1548\" height=\"1032\" srcset=\"https:\/\/rudasbistro.hu\/wp-content\/uploads\/2025\/09\/SIM1110a.jpg 1548w, https:\/\/rudasbistro.hu\/wp-content\/uploads\/2025\/09\/SIM1110a-500x333.jpg 500w, https:\/\/rudasbistro.hu\/wp-content\/uploads\/2025\/09\/SIM1110a-1024x683.jpg 1024w, https:\/\/rudasbistro.hu\/wp-content\/uploads\/2025\/09\/SIM1110a-150x100.jpg 150w, https:\/\/rudasbistro.hu\/wp-content\/uploads\/2025\/09\/SIM1110a-768x512.jpg 768w, https:\/\/rudasbistro.hu\/wp-content\/uploads\/2025\/09\/SIM1110a-1536x1024.jpg 1536w, https:\/\/rudasbistro.hu\/wp-content\/uploads\/2025\/09\/SIM1110a-18x12.jpg 18w, https:\/\/rudasbistro.hu\/wp-content\/uploads\/2025\/09\/SIM1110a-300x200.jpg 300w, https:\/\/rudasbistro.hu\/wp-content\/uploads\/2025\/09\/SIM1110a-600x400.jpg 600w\" sizes=\"(max-width: 1548px) 100vw, 1548px\" \/><\/td>\n<td style=\"width: 50%;\"><img decoding=\"async\" loading=\"lazy\" class=\"alignnone size-full wp-image-14997\" src=\"https:\/\/rudasbistro.hu\/wp-content\/uploads\/2025\/09\/AG_20120826_015-scaled.jpg\" alt=\"\" width=\"2560\" height=\"1707\" srcset=\"https:\/\/rudasbistro.hu\/wp-content\/uploads\/2025\/09\/AG_20120826_015-scaled.jpg 2560w, https:\/\/rudasbistro.hu\/wp-content\/uploads\/2025\/09\/AG_20120826_015-500x333.jpg 500w, https:\/\/rudasbistro.hu\/wp-content\/uploads\/2025\/09\/AG_20120826_015-1024x683.jpg 1024w, https:\/\/rudasbistro.hu\/wp-content\/uploads\/2025\/09\/AG_20120826_015-150x100.jpg 150w, https:\/\/rudasbistro.hu\/wp-content\/uploads\/2025\/09\/AG_20120826_015-768x512.jpg 768w, https:\/\/rudasbistro.hu\/wp-content\/uploads\/2025\/09\/AG_20120826_015-1536x1024.jpg 1536w, https:\/\/rudasbistro.hu\/wp-content\/uploads\/2025\/09\/AG_20120826_015-2048x1365.jpg 2048w, https:\/\/rudasbistro.hu\/wp-content\/uploads\/2025\/09\/AG_20120826_015-18x12.jpg 18w, https:\/\/rudasbistro.hu\/wp-content\/uploads\/2025\/09\/AG_20120826_015-300x200.jpg 300w, https:\/\/rudasbistro.hu\/wp-content\/uploads\/2025\/09\/AG_20120826_015-600x400.jpg 600w\" sizes=\"(max-width: 2560px) 100vw, 2560px\" \/><\/td>\n<\/tr>\n<\/tbody>\n<\/table>","protected":false},"excerpt":{"rendered":"<p style=\"text-align: justify;\">Weekends (Friday-Saturday-Sunday) 11:00 a.m. \u2013 10:00 p.m.<\/p>\n<p style=\"text-align: justify;\">Including:<\/p>\n<p style=\"text-align: justify;\">All-day admission to all facilities at Rudas:<br \/>\n\u2013 Turkish bath<br \/>\n\u2013 Swimming pool<br \/>\n\u2013 New wellness area<br \/>\n\u2013 International Sauna World<br \/>\n\u2013 Panoramic pool with the most beautiful view of the city<\/p>\n<p style=\"text-align: justify;\">Quick access to the spa with limited availability (max. 30 people per day)<\/p>\n<p style=\"text-align: justify;\">3-course meal from the \u00e0 la carte menu and the Chef's specials<\/p>\n<p style=\"text-align: justify;\">1 glass of selected wine or beer, 5 dl of delicious fruit lemonade, and to finish off the meal, a hot non-alcoholic coffee<\/p>\n<p style=\"text-align: justify;\">T\u00f6lt\u0151djenek fel a T\u00d6R\u00d6K F\u00dcRD\u0150VEL, WELLNESSEL \u00c9S \u00c9TKEZ\u00c9SSEL EGYBEK\u00d6T\u00d6TT BRUNCH CSOMAGJAINK seg\u00edts\u00e9g\u00e9vel a vil\u00e1gviszonylatban is egyed\u00fcl\u00e1ll\u00f3 panor\u00e1m\u00e1val rendelkez\u0151 \u00e9tteremben \u00e9s a Rudas F\u00fcrd\u0151ben!<\/p>\n<p style=\"text-align: justify;\">Az \u00d6n\u00f6k k\u00e9nyelme \u00e9rdek\u00e9ben el\u0151zetes id\u0151pont foglal\u00e1s sz\u00fcks\u00e9ges<\/p>\n<p style=\"text-align: justify;\">az \u00e9tterem nyitvatart\u00e1si ideje: 11:00-22:00,<br \/>\na brunch \u00e9tkez\u00e9s 11:00 \u2013 21:00 k\u00f6z\u00f6tt lehets\u00e9ges<\/p>\n<p style=\"text-align: justify;\"><strong>RUDAS ALL-IN BRUNCH KUPON (38.990 Ft helyett:) \u2013<\/strong> <span style=\"color: #ff6600;\"><strong>34.990<\/strong><strong>.-FT \/ F\u0150<\/strong><\/span><\/p>\n<p style=\"text-align: justify;\">Rudas f\u00fcrd\u0151 T\u00f6r\u00f6k F\u00fcrd\u0151 \u00e9s Wellness ter\u00fcleteire sz\u00f3l\u00f3 eg\u00e9sz napos <span style=\"color: #ff6600;\"><strong>h\u00e9tv\u00e9gi<\/strong> <\/span> (p\u00e9ntek-szombat-vas\u00e1rnap 11:00-20:00) f\u00fcrd\u0151jeggyel.<br \/>\nUszoda, \u00faj wellness r\u00e9szleg, Nemzetk\u00f6zi Szauna vil\u00e1g, panor\u00e1ma medence \u00e9s a vil\u00e1gh\u00edres T\u00f6r\u00f6k F\u00fcrd\u0151.<\/p>\n<p style=\"text-align: justify;\">(italt a csomag tartalmaz a fent le\u00edrtak szerint)<\/p>","protected":false},"featured_media":10134,"template":"","meta":[],"product_cat":[26],"product_tag":[],"yoast_head":"<!-- This site is optimized with the Yoast SEO plugin v22.6 - https:\/\/yoast.com\/wordpress\/plugins\/seo\/ -->\n<title>ALL-IN Brunch kupon - T\u00f6r\u00f6k f\u00fcrd\u0151vel - Rudas Bistro<\/title>\n<meta name=\"description\" content=\"T\u00f6lt\u0151djenek fel h\u00e9tv\u00e9g\u00e9n a T\u00d6R\u00d6K F\u00dcRD\u0150VEL, WELLNESSEL \u00c9S \u00c9TKEZ\u00c9SSEL EGYBEK\u00d6T\u00d6TT BRUNCH CSOMAGJAINK a Rudas F\u00fcrd\u0151ben!\" \/>\n<meta name=\"robots\" content=\"index, follow, max-snippet:-1, max-image-preview:large, max-video-preview:-1\" \/>\n<link rel=\"canonical\" href=\"https:\/\/rudasbistro.hu\/en\/product\/all-in-brunch-kupon-torok-furdovel\/\" \/>\n<meta property=\"og:locale\" content=\"en_US\" \/>\n<meta property=\"og:type\" content=\"article\" \/>\n<meta property=\"og:title\" content=\"ALL-IN Brunch kupon - T\u00f6r\u00f6k f\u00fcrd\u0151vel - Rudas Bistro\" \/>\n<meta property=\"og:description\" content=\"T\u00f6lt\u0151djenek fel h\u00e9tv\u00e9g\u00e9n a T\u00d6R\u00d6K F\u00dcRD\u0150VEL, WELLNESSEL \u00c9S \u00c9TKEZ\u00c9SSEL EGYBEK\u00d6T\u00d6TT BRUNCH CSOMAGJAINK a Rudas F\u00fcrd\u0151ben!\" \/>\n<meta property=\"og:url\" content=\"https:\/\/rudasbistro.hu\/en\/product\/all-in-brunch-kupon-torok-furdovel\/\" \/>\n<meta property=\"og:site_name\" content=\"Rudas Bistro\" \/>\n<meta property=\"article:publisher\" content=\"https:\/\/www.facebook.com\/rudasbistro\/\" \/>\n<meta property=\"article:modified_time\" content=\"2026-03-14T23:33:46+00:00\" \/>\n<meta property=\"og:image\" content=\"https:\/\/rudasbistro.hu\/wp-content\/uploads\/2017\/11\/SIM1135a-e1730994213282.jpg\" \/>\n\t<meta property=\"og:image:width\" content=\"500\" \/>\n\t<meta property=\"og:image:height\" content=\"333\" \/>\n\t<meta property=\"og:image:type\" content=\"image\/jpeg\" \/>\n<meta name=\"twitter:card\" content=\"summary_large_image\" \/>\n<meta name=\"twitter:label1\" content=\"Est. reading time\" \/>\n\t<meta name=\"twitter:data1\" content=\"1 minute\" \/>\n<script type=\"application\/ld+json\" class=\"yoast-schema-graph\">{\"@context\":\"https:\/\/schema.org\",\"@graph\":[{\"@type\":\"WebPage\",\"@id\":\"https:\/\/rudasbistro.hu\/termek\/all-in-brunch-kupon-torok-furdovel\/\",\"url\":\"https:\/\/rudasbistro.hu\/termek\/all-in-brunch-kupon-torok-furdovel\/\",\"name\":\"ALL-IN Brunch kupon - T\u00f6r\u00f6k f\u00fcrd\u0151vel - Rudas Bistro\",\"isPartOf\":{\"@id\":\"https:\/\/rudasbistro.hu\/#website\"},\"primaryImageOfPage\":{\"@id\":\"https:\/\/rudasbistro.hu\/termek\/all-in-brunch-kupon-torok-furdovel\/#primaryimage\"},\"image\":{\"@id\":\"https:\/\/rudasbistro.hu\/termek\/all-in-brunch-kupon-torok-furdovel\/#primaryimage\"},\"thumbnailUrl\":\"https:\/\/rudasbistro.hu\/wp-content\/uploads\/2017\/11\/SIM1135a-e1730994213282.jpg\",\"datePublished\":\"2025-09-25T20:28:43+00:00\",\"dateModified\":\"2026-03-14T23:33:46+00:00\",\"description\":\"T\u00f6lt\u0151djenek fel h\u00e9tv\u00e9g\u00e9n a T\u00d6R\u00d6K F\u00dcRD\u0150VEL, WELLNESSEL \u00c9S \u00c9TKEZ\u00c9SSEL EGYBEK\u00d6T\u00d6TT BRUNCH CSOMAGJAINK a Rudas F\u00fcrd\u0151ben!\",\"breadcrumb\":{\"@id\":\"https:\/\/rudasbistro.hu\/termek\/all-in-brunch-kupon-torok-furdovel\/#breadcrumb\"},\"inLanguage\":\"en-US\",\"potentialAction\":[{\"@type\":\"ReadAction\",\"target\":[\"https:\/\/rudasbistro.hu\/termek\/all-in-brunch-kupon-torok-furdovel\/\"]}]},{\"@type\":\"ImageObject\",\"inLanguage\":\"en-US\",\"@id\":\"https:\/\/rudasbistro.hu\/termek\/all-in-brunch-kupon-torok-furdovel\/#primaryimage\",\"url\":\"https:\/\/rudasbistro.hu\/wp-content\/uploads\/2017\/11\/SIM1135a-e1730994213282.jpg\",\"contentUrl\":\"https:\/\/rudasbistro.hu\/wp-content\/uploads\/2017\/11\/SIM1135a-e1730994213282.jpg\",\"width\":500,\"height\":333},{\"@type\":\"BreadcrumbList\",\"@id\":\"https:\/\/rudasbistro.hu\/termek\/all-in-brunch-kupon-torok-furdovel\/#breadcrumb\",\"itemListElement\":[{\"@type\":\"ListItem\",\"position\":1,\"name\":\"Home\",\"item\":\"https:\/\/rudasbistro.hu\/\"},{\"@type\":\"ListItem\",\"position\":2,\"name\":\"Products\",\"item\":\"https:\/\/rudasbistro.hu\/shop\/\"},{\"@type\":\"ListItem\",\"position\":3,\"name\":\"ALL-IN Brunch kupon &#8211; T\u00f6r\u00f6k f\u00fcrd\u0151vel\"}]},{\"@type\":\"WebSite\",\"@id\":\"https:\/\/rudasbistro.hu\/#website\",\"url\":\"https:\/\/rudasbistro.hu\/\",\"name\":\"Rudas Bistro\",\"description\":\"\",\"publisher\":{\"@id\":\"https:\/\/rudasbistro.hu\/#organization\"},\"potentialAction\":[{\"@type\":\"SearchAction\",\"target\":{\"@type\":\"EntryPoint\",\"urlTemplate\":\"https:\/\/rudasbistro.hu\/?s={search_term_string}\"},\"query-input\":\"required name=search_term_string\"}],\"inLanguage\":\"en-US\"},{\"@type\":\"Organization\",\"@id\":\"https:\/\/rudasbistro.hu\/#organization\",\"name\":\"Rudas Bistro\",\"url\":\"https:\/\/rudasbistro.hu\/\",\"logo\":{\"@type\":\"ImageObject\",\"inLanguage\":\"en-US\",\"@id\":\"https:\/\/rudasbistro.hu\/#\/schema\/logo\/image\/\",\"url\":\"https:\/\/rudasbistro.hu\/wp-content\/uploads\/2020\/03\/RUDAS_logo_2018_06.png\",\"contentUrl\":\"https:\/\/rudasbistro.hu\/wp-content\/uploads\/2020\/03\/RUDAS_logo_2018_06.png\",\"width\":1920,\"height\":1920,\"caption\":\"Rudas Bistro\"},\"image\":{\"@id\":\"https:\/\/rudasbistro.hu\/#\/schema\/logo\/image\/\"},\"sameAs\":[\"https:\/\/www.facebook.com\/rudasbistro\/\",\"https:\/\/www.instagram.com\/rudasbistro\/\",\"https:\/\/www.youtube.com\/channel\/UClU2jG0y6Pc8PLoo56z-p5Q\"]}]}<\/script>\n<!-- \/ Yoast SEO plugin. -->","yoast_head_json":{"title":"ALL-IN Brunch kupon - T\u00f6r\u00f6k f\u00fcrd\u0151vel - Rudas Bistro","description":"T\u00f6lt\u0151djenek fel h\u00e9tv\u00e9g\u00e9n a T\u00d6R\u00d6K F\u00dcRD\u0150VEL, WELLNESSEL \u00c9S \u00c9TKEZ\u00c9SSEL EGYBEK\u00d6T\u00d6TT BRUNCH CSOMAGJAINK a Rudas F\u00fcrd\u0151ben!","robots":{"index":"index","follow":"follow","max-snippet":"max-snippet:-1","max-image-preview":"max-image-preview:large","max-video-preview":"max-video-preview:-1"},"canonical":"https:\/\/rudasbistro.hu\/en\/product\/all-in-brunch-kupon-torok-furdovel\/","og_locale":"en_US","og_type":"article","og_title":"ALL-IN Brunch kupon - T\u00f6r\u00f6k f\u00fcrd\u0151vel - Rudas Bistro","og_description":"T\u00f6lt\u0151djenek fel h\u00e9tv\u00e9g\u00e9n a T\u00d6R\u00d6K F\u00dcRD\u0150VEL, WELLNESSEL \u00c9S \u00c9TKEZ\u00c9SSEL EGYBEK\u00d6T\u00d6TT BRUNCH CSOMAGJAINK a Rudas F\u00fcrd\u0151ben!","og_url":"https:\/\/rudasbistro.hu\/en\/product\/all-in-brunch-kupon-torok-furdovel\/","og_site_name":"Rudas Bistro","article_publisher":"https:\/\/www.facebook.com\/rudasbistro\/","article_modified_time":"2026-03-14T23:33:46+00:00","og_image":[{"width":500,"height":333,"url":"https:\/\/rudasbistro.hu\/wp-content\/uploads\/2017\/11\/SIM1135a-e1730994213282.jpg","type":"image\/jpeg"}],"twitter_card":"summary_large_image","twitter_misc":{"Est. reading time":"1 minute"},"schema":{"@context":"https:\/\/schema.org","@graph":[{"@type":"WebPage","@id":"https:\/\/rudasbistro.hu\/termek\/all-in-brunch-kupon-torok-furdovel\/","url":"https:\/\/rudasbistro.hu\/termek\/all-in-brunch-kupon-torok-furdovel\/","name":"ALL-IN Brunch kupon - T\u00f6r\u00f6k f\u00fcrd\u0151vel - Rudas Bistro","isPartOf":{"@id":"https:\/\/rudasbistro.hu\/#website"},"primaryImageOfPage":{"@id":"https:\/\/rudasbistro.hu\/termek\/all-in-brunch-kupon-torok-furdovel\/#primaryimage"},"image":{"@id":"https:\/\/rudasbistro.hu\/termek\/all-in-brunch-kupon-torok-furdovel\/#primaryimage"},"thumbnailUrl":"https:\/\/rudasbistro.hu\/wp-content\/uploads\/2017\/11\/SIM1135a-e1730994213282.jpg","datePublished":"2025-09-25T20:28:43+00:00","dateModified":"2026-03-14T23:33:46+00:00","description":"T\u00f6lt\u0151djenek fel h\u00e9tv\u00e9g\u00e9n a T\u00d6R\u00d6K F\u00dcRD\u0150VEL, WELLNESSEL \u00c9S \u00c9TKEZ\u00c9SSEL EGYBEK\u00d6T\u00d6TT BRUNCH CSOMAGJAINK a Rudas F\u00fcrd\u0151ben!","breadcrumb":{"@id":"https:\/\/rudasbistro.hu\/termek\/all-in-brunch-kupon-torok-furdovel\/#breadcrumb"},"inLanguage":"en-US","potentialAction":[{"@type":"ReadAction","target":["https:\/\/rudasbistro.hu\/termek\/all-in-brunch-kupon-torok-furdovel\/"]}]},{"@type":"ImageObject","inLanguage":"en-US","@id":"https:\/\/rudasbistro.hu\/termek\/all-in-brunch-kupon-torok-furdovel\/#primaryimage","url":"https:\/\/rudasbistro.hu\/wp-content\/uploads\/2017\/11\/SIM1135a-e1730994213282.jpg","contentUrl":"https:\/\/rudasbistro.hu\/wp-content\/uploads\/2017\/11\/SIM1135a-e1730994213282.jpg","width":500,"height":333},{"@type":"BreadcrumbList","@id":"https:\/\/rudasbistro.hu\/termek\/all-in-brunch-kupon-torok-furdovel\/#breadcrumb","itemListElement":[{"@type":"ListItem","position":1,"name":"Home","item":"https:\/\/rudasbistro.hu\/"},{"@type":"ListItem","position":2,"name":"Products","item":"https:\/\/rudasbistro.hu\/shop\/"},{"@type":"ListItem","position":3,"name":"ALL-IN Brunch kupon &#8211; T\u00f6r\u00f6k f\u00fcrd\u0151vel"}]},{"@type":"WebSite","@id":"https:\/\/rudasbistro.hu\/#website","url":"https:\/\/rudasbistro.hu\/","name":"Rudas Bistro","description":"","publisher":{"@id":"https:\/\/rudasbistro.hu\/#organization"},"potentialAction":[{"@type":"SearchAction","target":{"@type":"EntryPoint","urlTemplate":"https:\/\/rudasbistro.hu\/?s={search_term_string}"},"query-input":"required name=search_term_string"}],"inLanguage":"en-US"},{"@type":"Organization","@id":"https:\/\/rudasbistro.hu\/#organization","name":"Rudas Bistro","url":"https:\/\/rudasbistro.hu\/","logo":{"@type":"ImageObject","inLanguage":"en-US","@id":"https:\/\/rudasbistro.hu\/#\/schema\/logo\/image\/","url":"https:\/\/rudasbistro.hu\/wp-content\/uploads\/2020\/03\/RUDAS_logo_2018_06.png","contentUrl":"https:\/\/rudasbistro.hu\/wp-content\/uploads\/2020\/03\/RUDAS_logo_2018_06.png","width":1920,"height":1920,"caption":"Rudas Bistro"},"image":{"@id":"https:\/\/rudasbistro.hu\/#\/schema\/logo\/image\/"},"sameAs":["https:\/\/www.facebook.com\/rudasbistro\/","https:\/\/www.instagram.com\/rudasbistro\/","https:\/\/www.youtube.com\/channel\/UClU2jG0y6Pc8PLoo56z-p5Q"]}]}},"_links":{"self":[{"href":"https:\/\/rudasbistro.hu\/en\/wp-json\/wp\/v2\/product\/14973"}],"collection":[{"href":"https:\/\/rudasbistro.hu\/en\/wp-json\/wp\/v2\/product"}],"about":[{"href":"https:\/\/rudasbistro.hu\/en\/wp-json\/wp\/v2\/types\/product"}],"wp:featuredmedia":[{"embeddable":true,"href":"https:\/\/rudasbistro.hu\/en\/wp-json\/wp\/v2\/media\/10134"}],"wp:attachment":[{"href":"https:\/\/rudasbistro.hu\/en\/wp-json\/wp\/v2\/media?parent=14973"}],"wp:term":[{"taxonomy":"product_cat","embeddable":true,"href":"https:\/\/rudasbistro.hu\/en\/wp-json\/wp\/v2\/product_cat?post=14973"},{"taxonomy":"product_tag","embeddable":true,"href":"https:\/\/rudasbistro.hu\/en\/wp-json\/wp\/v2\/product_tag?post=14973"}],"curies":[{"name":"wp","href":"https:\/\/api.w.org\/{rel}","templated":true}]}}