{"id":11381,"date":"2024-05-28T10:39:50","date_gmt":"2024-05-28T09:39:50","guid":{"rendered":"https:\/\/rudasbistro.hu\/?page_id=11381"},"modified":"2026-03-13T10:33:17","modified_gmt":"2026-03-13T09:33:17","slug":"kapcsolat-menu","status":"publish","type":"page","link":"https:\/\/rudasbistro.hu\/en\/kapcsolat-menu\/","title":{"rendered":"Contact"},"content":{"rendered":"<div data-elementor-type=\"wp-page\" data-elementor-id=\"11381\" class=\"elementor elementor-11381\">\n\t\t\t\t\t\t\t\t\t<section class=\"elementor-section elementor-top-section elementor-element elementor-element-815ad1a elementor-section-boxed elementor-section-height-default elementor-section-height-default wpr-particle-no wpr-jarallax-no wpr-parallax-no wpr-sticky-section-no\" data-id=\"815ad1a\" data-element_type=\"section\" data-settings=\"{&quot;background_background&quot;:&quot;classic&quot;}\">\n\t\t\t\t\t\t<div class=\"elementor-container elementor-column-gap-default\">\n\t\t\t\t\t<div class=\"elementor-column elementor-col-100 elementor-top-column elementor-element elementor-element-b085250\" data-id=\"b085250\" data-element_type=\"column\">\n\t\t\t<div class=\"elementor-widget-wrap elementor-element-populated\">\n\t\t\t\t\t\t\t\t<div class=\"elementor-element elementor-element-efebcc0 elementor-widget elementor-widget-heading\" data-id=\"efebcc0\" data-element_type=\"widget\" data-widget_type=\"heading.default\">\n\t\t\t\t<div class=\"elementor-widget-container\">\n\t\t\t<h2 class=\"elementor-heading-title elementor-size-default\">Contact<\/h2>\t\t<\/div>\n\t\t\t\t<\/div>\n\t\t\t\t\t<\/div>\n\t\t<\/div>\n\t\t\t\t\t\t\t<\/div>\n\t\t<\/section>\n\t\t\t\t<section class=\"elementor-section elementor-top-section elementor-element elementor-element-7b31196 elementor-section-boxed elementor-section-height-default elementor-section-height-default wpr-particle-no wpr-jarallax-no wpr-parallax-no wpr-sticky-section-no\" data-id=\"7b31196\" data-element_type=\"section\" data-settings=\"{&quot;background_background&quot;:&quot;classic&quot;}\">\n\t\t\t\t\t\t<div class=\"elementor-container elementor-column-gap-default\">\n\t\t\t\t\t<div class=\"elementor-column elementor-col-50 elementor-top-column elementor-element elementor-element-9065578\" data-id=\"9065578\" data-element_type=\"column\">\n\t\t\t<div class=\"elementor-widget-wrap elementor-element-populated\">\n\t\t\t\t\t\t\t\t<div class=\"elementor-element elementor-element-fb65d42 elementor-view-default elementor-widget elementor-widget-icon\" data-id=\"fb65d42\" data-element_type=\"widget\" data-widget_type=\"icon.default\">\n\t\t\t\t<div class=\"elementor-widget-container\">\n\t\t\t\t\t<div class=\"elementor-icon-wrapper\">\n\t\t\t<div class=\"elementor-icon\">\n\t\t\t<i aria-hidden=\"true\" class=\"fas fa-location-arrow\"><\/i>\t\t\t<\/div>\n\t\t<\/div>\n\t\t\t\t<\/div>\n\t\t\t\t<\/div>\n\t\t\t\t<div class=\"elementor-element elementor-element-dc248d6 elementor-widget elementor-widget-text-editor\" data-id=\"dc248d6\" data-element_type=\"widget\" data-widget_type=\"text-editor.default\">\n\t\t\t\t<div class=\"elementor-widget-container\">\n\t\t\t\t\t\t\t<p style=\"text-align: center;\">Budapest D\u00f6brentei T\u00e9r 9.<\/p>\t\t\t\t\t\t<\/div>\n\t\t\t\t<\/div>\n\t\t\t\t<div class=\"elementor-element elementor-element-b326792 elementor-view-default elementor-widget elementor-widget-icon\" data-id=\"b326792\" data-element_type=\"widget\" data-widget_type=\"icon.default\">\n\t\t\t\t<div class=\"elementor-widget-container\">\n\t\t\t\t\t<div class=\"elementor-icon-wrapper\">\n\t\t\t<div class=\"elementor-icon\">\n\t\t\t<i aria-hidden=\"true\" class=\"far fa-clock\"><\/i>\t\t\t<\/div>\n\t\t<\/div>\n\t\t\t\t<\/div>\n\t\t\t\t<\/div>\n\t\t\t\t<div class=\"elementor-element elementor-element-2a497e8 elementor-widget elementor-widget-text-editor\" data-id=\"2a497e8\" data-element_type=\"widget\" data-widget_type=\"text-editor.default\">\n\t\t\t\t<div class=\"elementor-widget-container\">\n\t\t\t\t\t\t\t<p style=\"text-align: center;\">H\u00e9tf\u0151-Vas\u00e1rnap 11:00-22:00 (konyha 21:30)<\/p><p style=\"text-align: center;\">Rendezv\u00e9nyek eset\u00e9n egyedi nyitvatart\u00e1ssal v\u00e1rjuk \u00d6n\u00f6ket!<\/p>\t\t\t\t\t\t<\/div>\n\t\t\t\t<\/div>\n\t\t\t\t<div class=\"elementor-element elementor-element-5bd0ad8 elementor-view-default elementor-widget elementor-widget-icon\" data-id=\"5bd0ad8\" data-element_type=\"widget\" data-widget_type=\"icon.default\">\n\t\t\t\t<div class=\"elementor-widget-container\">\n\t\t\t\t\t<div class=\"elementor-icon-wrapper\">\n\t\t\t<div class=\"elementor-icon\">\n\t\t\t<i aria-hidden=\"true\" class=\"far fa-envelope\"><\/i>\t\t\t<\/div>\n\t\t<\/div>\n\t\t\t\t<\/div>\n\t\t\t\t<\/div>\n\t\t\t\t<div class=\"elementor-element elementor-element-03c050e elementor-widget elementor-widget-text-editor\" data-id=\"03c050e\" data-element_type=\"widget\" data-widget_type=\"text-editor.default\">\n\t\t\t\t<div class=\"elementor-widget-container\">\n\t\t\t\t\t\t\t<p style=\"text-align: center;\">info@rudasbistro.hu<br \/><span style=\"font-size: 12pt; color: #dba75a;\"><strong><a style=\"color: #dba75a;\" href=\"tel:+36-30-016-0125\">+36-30-016-0125<\/a><\/strong><\/span><\/p><p style=\"text-align: center;\"><a href=\"https:\/\/rudasbistro.hu\/adatkezelesi-tajekoztato\/\">Privacy notice<\/a><br \/><a href=\"https:\/\/rudasbistro.hu\/aszf\/\">General terms<\/a><\/p>\t\t\t\t\t\t<\/div>\n\t\t\t\t<\/div>\n\t\t\t\t<div class=\"elementor-element elementor-element-55ac20a elementor-widget elementor-widget-text-editor\" data-id=\"55ac20a\" data-element_type=\"widget\" data-widget_type=\"text-editor.default\">\n\t\t\t\t<div class=\"elementor-widget-container\">\n\t\t\t\t\t\t\t<p style=\"text-align: center;\"><span style=\"color: #000000;\"><strong>C\u00e9gadatok:\u00a0<\/strong><\/span><br \/><span style=\"color: #000000;\"><strong>V92 Gastro Kft.<\/strong><\/span><br \/><span style=\"color: #000000;\"><strong>2161 Csom\u00e1d<\/strong><\/span><br \/><span style=\"color: #000000;\"><strong>Levente utca 14\/A.<\/strong><\/span><br \/><span style=\"color: #000000;\"><strong>Ad\u00f3sz\u00e1m: 32614523-2-13<\/strong><\/span><\/p>\t\t\t\t\t\t<\/div>\n\t\t\t\t<\/div>\n\t\t\t\t\t<\/div>\n\t\t<\/div>\n\t\t\t\t<div class=\"elementor-column elementor-col-50 elementor-top-column elementor-element elementor-element-1dd71c8\" data-id=\"1dd71c8\" data-element_type=\"column\">\n\t\t\t<div class=\"elementor-widget-wrap elementor-element-populated\">\n\t\t\t\t\t\t\t\t<div class=\"elementor-element elementor-element-73884ed elementor-widget elementor-widget-google_maps\" data-id=\"73884ed\" data-element_type=\"widget\" data-widget_type=\"google_maps.default\">\n\t\t\t\t<div class=\"elementor-widget-container\">\n\t\t\t\t\t<div class=\"elementor-custom-embed\">\n\t\t\t<iframe loading=\"lazy\"\n\t\t\t\t\tsrc=\"https:\/\/maps.google.com\/maps?q=Budapest%20D%C3%B6brentei%20T%C3%A9r%209.&#038;t=m&#038;z=15&#038;output=embed&#038;iwloc=near\"\n\t\t\t\t\ttitle=\"Budapest D\u00f6brentei T\u00e9r 9.\"\n\t\t\t\t\taria-label=\"Budapest D\u00f6brentei T\u00e9r 9.\"\n\t\t\t><\/iframe>\n\t\t<\/div>\n\t\t\t\t<\/div>\n\t\t\t\t<\/div>\n\t\t\t\t\t<\/div>\n\t\t<\/div>\n\t\t\t\t\t\t\t<\/div>\n\t\t<\/section>\n\t\t\t\t<section class=\"elementor-section elementor-top-section elementor-element elementor-element-f0c0321 elementor-section-boxed elementor-section-height-default elementor-section-height-default wpr-particle-no wpr-jarallax-no wpr-parallax-no wpr-sticky-section-no\" data-id=\"f0c0321\" data-element_type=\"section\" data-settings=\"{&quot;background_background&quot;:&quot;classic&quot;}\">\n\t\t\t\t\t\t<div class=\"elementor-container elementor-column-gap-default\">\n\t\t\t\t\t<div class=\"elementor-column elementor-col-100 elementor-top-column elementor-element elementor-element-e1934bb\" data-id=\"e1934bb\" data-element_type=\"column\">\n\t\t\t<div class=\"elementor-widget-wrap elementor-element-populated\">\n\t\t\t\t\t\t\t\t<div class=\"elementor-element elementor-element-1226d40 elementor-widget elementor-widget-heading\" data-id=\"1226d40\" data-element_type=\"widget\" data-widget_type=\"heading.default\">\n\t\t\t\t<div class=\"elementor-widget-container\">\n\t\t\t<h2 class=\"elementor-heading-title elementor-size-default\">Have any<div>questions?<\/div><\/h2>\t\t<\/div>\n\t\t\t\t<\/div>\n\t\t\t\t<div class=\"elementor-element elementor-element-b4eb628 elementor-button-align-stretch elementor-widget elementor-widget-form\" data-id=\"b4eb628\" data-element_type=\"widget\" data-settings=\"{&quot;step_next_label&quot;:&quot;K\\u00f6vetkez\\u0151&quot;,&quot;step_previous_label&quot;:&quot;El\\u0151z\\u0151&quot;,&quot;button_width&quot;:&quot;100&quot;,&quot;step_type&quot;:&quot;number_text&quot;,&quot;step_icon_shape&quot;:&quot;circle&quot;}\" data-widget_type=\"form.default\">\n\t\t\t\t<div class=\"elementor-widget-container\">\n\t\t\t\t\t<form class=\"elementor-form\" method=\"post\" name=\"\u00daj \u0171rlap\" action=\"\">\n\t\t\t<input type=\"hidden\" name=\"post_id\" value=\"11381\"\/>\n\t\t\t<input type=\"hidden\" name=\"form_id\" value=\"b4eb628\"\/>\n\t\t\t<input type=\"hidden\" name=\"referer_title\" value=\"Rudas Bistro\" \/>\n\n\t\t\t\n\t\t\t<div class=\"elementor-form-fields-wrapper elementor-labels-above\">\n\t\t\t\t\t\t\t\t<div class=\"elementor-field-type-text elementor-field-group elementor-column elementor-field-group-name elementor-col-100\">\n\t\t\t\t\t\t\t\t\t\t\t\t<label for=\"form-field-name\" class=\"elementor-field-label\">\n\t\t\t\t\t\t\t\tName\t\t\t\t\t\t\t<\/label>\n\t\t\t\t\t\t\t\t\t\t\t\t\t\t<input size=\"1\" type=\"text\" name=\"form_fields[name]\" id=\"form-field-name\" class=\"elementor-field elementor-size-sm  elementor-field-textual\" placeholder=\"Name\">\n\t\t\t\t\t\t\t\t\t\t\t<\/div>\n\t\t\t\t\t\t\t\t<div class=\"elementor-field-type-email elementor-field-group elementor-column elementor-field-group-email elementor-col-100 elementor-field-required\">\n\t\t\t\t\t\t\t\t\t\t\t\t<label for=\"form-field-email\" class=\"elementor-field-label\">\n\t\t\t\t\t\t\t\tEmail\t\t\t\t\t\t\t<\/label>\n\t\t\t\t\t\t\t\t\t\t\t\t\t\t<input size=\"1\" type=\"email\" name=\"form_fields[email]\" id=\"form-field-email\" class=\"elementor-field elementor-size-sm  elementor-field-textual\" placeholder=\"Email\" required=\"required\" aria-required=\"true\">\n\t\t\t\t\t\t\t\t\t\t\t<\/div>\n\t\t\t\t\t\t\t\t<div class=\"elementor-field-type-textarea elementor-field-group elementor-column elementor-field-group-message elementor-col-100\">\n\t\t\t\t\t\t\t\t\t\t\t\t<label for=\"form-field-message\" class=\"elementor-field-label\">\n\t\t\t\t\t\t\t\tMessage\t\t\t\t\t\t\t<\/label>\n\t\t\t\t\t\t<textarea class=\"elementor-field-textual elementor-field  elementor-size-sm\" name=\"form_fields[message]\" id=\"form-field-message\" rows=\"4\" placeholder=\"Message\"><\/textarea>\t\t\t\t<\/div>\n\t\t\t\t\t\t\t\t<div class=\"elementor-field-type-recaptcha_v3 elementor-field-group elementor-column elementor-field-group-field_3ea915c elementor-col-100 recaptcha_v3-bottomright\">\n\t\t\t\t\t<div class=\"elementor-field\" id=\"form-field-field_3ea915c\"><div class=\"elementor-g-recaptcha\" data-sitekey=\"6Le0fD8jAAAAAJBrJQCpx_xXiS31aOZaIQxn5l4D\" data-type=\"v3\" data-action=\"Form\" data-badge=\"bottomright\" data-size=\"invisible\"><\/div><\/div>\t\t\t\t<\/div>\n\t\t\t\t\t\t\t\t<div class=\"elementor-field-group elementor-column elementor-field-type-submit elementor-col-100 e-form__buttons\">\n\t\t\t\t\t<button type=\"submit\" class=\"elementor-button elementor-size-sm\">\n\t\t\t\t\t\t<span >\n\t\t\t\t\t\t\t\t\t\t\t\t\t\t\t<span class=\"elementor-button-icon\">\n\t\t\t\t\t\t\t\t\t\t\t\t\t\t\t\t\t\t\t\t\t\t\t\t\t\t<\/span>\n\t\t\t\t\t\t\t\t\t\t\t\t\t\t\t\t\t\t\t\t\t\t<span class=\"elementor-button-text\">Send<\/span>\n\t\t\t\t\t\t\t\t\t\t\t\t\t<\/span>\n\t\t\t\t\t<\/button>\n\t\t\t\t<\/div>\n\t\t\t<\/div>\n\t\t<input type=\"hidden\" name=\"trp-form-language\" value=\"en\"\/><\/form>\n\t\t\t\t<\/div>\n\t\t\t\t<\/div>\n\t\t\t\t\t<\/div>\n\t\t<\/div>\n\t\t\t\t\t\t\t<\/div>\n\t\t<\/section>\n\t\t\t\t\t\t\t<\/div>","protected":false},"excerpt":{"rendered":"<p>Kapcsolat Budapest D\u00f6brentei T\u00e9r 9. H\u00e9tf\u0151-Vas\u00e1rnap 11:00-22:00 (konyha 21:30) Rendezv\u00e9nyek eset\u00e9n egyedi nyitvatart\u00e1ssal v\u00e1rjuk \u00d6n\u00f6ket! info@rudasbistro.hu+36-30-016-0125 Adatkezel\u00e9si t\u00e1j\u00e9koztat\u00f3\u00c1SZF C\u00e9gadatok:\u00a0V92 Gastro Kft.2161 Csom\u00e1dLevente utca 14\/A.Ad\u00f3sz\u00e1m: 32614523-2-13 Maradt m\u00e9g k\u00e9rd\u00e9se?Vegye fel vel\u00fcnk a kapcsolatot!<\/p>","protected":false},"author":1,"featured_media":0,"parent":0,"menu_order":0,"comment_status":"closed","ping_status":"closed","template":"","meta":{"footnotes":""},"yoast_head":"<!-- This site is optimized with the Yoast SEO plugin v22.6 - https:\/\/yoast.com\/wordpress\/plugins\/seo\/ -->\n<title>Kapcsolat - Rudas Bistro<\/title>\n<meta name=\"robots\" content=\"index, follow, max-snippet:-1, max-image-preview:large, max-video-preview:-1\" \/>\n<link rel=\"canonical\" href=\"https:\/\/rudasbistro.hu\/en\/kapcsolat-menu\/\" \/>\n<meta property=\"og:locale\" content=\"en_US\" \/>\n<meta property=\"og:type\" content=\"article\" \/>\n<meta property=\"og:title\" content=\"Kapcsolat - Rudas Bistro\" \/>\n<meta property=\"og:description\" content=\"Kapcsolat Budapest D\u00f6brentei T\u00e9r 9. H\u00e9tf\u0151-Vas\u00e1rnap 11:00-22:00 (konyha 21:30) Rendezv\u00e9nyek eset\u00e9n egyedi nyitvatart\u00e1ssal v\u00e1rjuk \u00d6n\u00f6ket! info@rudasbistro.hu+36-30-016-0125 Adatkezel\u00e9si t\u00e1j\u00e9koztat\u00f3\u00c1SZF C\u00e9gadatok:\u00a0V92 Gastro Kft.2161 Csom\u00e1dLevente utca 14\/A.Ad\u00f3sz\u00e1m: 32614523-2-13 Maradt m\u00e9g k\u00e9rd\u00e9se?Vegye fel vel\u00fcnk a kapcsolatot!\" \/>\n<meta property=\"og:url\" content=\"https:\/\/rudasbistro.hu\/en\/kapcsolat-menu\/\" \/>\n<meta property=\"og:site_name\" content=\"Rudas Bistro\" \/>\n<meta property=\"article:publisher\" content=\"https:\/\/www.facebook.com\/rudasbistro\/\" \/>\n<meta property=\"article:modified_time\" content=\"2026-03-13T09:33:17+00:00\" \/>\n<meta name=\"twitter:card\" content=\"summary_large_image\" \/>\n<meta name=\"twitter:label1\" content=\"Est. reading time\" \/>\n\t<meta name=\"twitter:data1\" content=\"1 minute\" \/>\n<script type=\"application\/ld+json\" class=\"yoast-schema-graph\">{\"@context\":\"https:\/\/schema.org\",\"@graph\":[{\"@type\":\"WebPage\",\"@id\":\"https:\/\/rudasbistro.hu\/kapcsolat-menu\/\",\"url\":\"https:\/\/rudasbistro.hu\/kapcsolat-menu\/\",\"name\":\"Kapcsolat - Rudas Bistro\",\"isPartOf\":{\"@id\":\"https:\/\/rudasbistro.hu\/#website\"},\"datePublished\":\"2024-05-28T09:39:50+00:00\",\"dateModified\":\"2026-03-13T09:33:17+00:00\",\"breadcrumb\":{\"@id\":\"https:\/\/rudasbistro.hu\/kapcsolat-menu\/#breadcrumb\"},\"inLanguage\":\"en-US\",\"potentialAction\":[{\"@type\":\"ReadAction\",\"target\":[\"https:\/\/rudasbistro.hu\/kapcsolat-menu\/\"]}]},{\"@type\":\"BreadcrumbList\",\"@id\":\"https:\/\/rudasbistro.hu\/kapcsolat-menu\/#breadcrumb\",\"itemListElement\":[{\"@type\":\"ListItem\",\"position\":1,\"name\":\"Home\",\"item\":\"https:\/\/rudasbistro.hu\/\"},{\"@type\":\"ListItem\",\"position\":2,\"name\":\"Kapcsolat\"}]},{\"@type\":\"WebSite\",\"@id\":\"https:\/\/rudasbistro.hu\/#website\",\"url\":\"https:\/\/rudasbistro.hu\/\",\"name\":\"Rudas Bistro\",\"description\":\"\",\"publisher\":{\"@id\":\"https:\/\/rudasbistro.hu\/#organization\"},\"potentialAction\":[{\"@type\":\"SearchAction\",\"target\":{\"@type\":\"EntryPoint\",\"urlTemplate\":\"https:\/\/rudasbistro.hu\/?s={search_term_string}\"},\"query-input\":\"required name=search_term_string\"}],\"inLanguage\":\"en-US\"},{\"@type\":\"Organization\",\"@id\":\"https:\/\/rudasbistro.hu\/#organization\",\"name\":\"Rudas Bistro\",\"url\":\"https:\/\/rudasbistro.hu\/\",\"logo\":{\"@type\":\"ImageObject\",\"inLanguage\":\"en-US\",\"@id\":\"https:\/\/rudasbistro.hu\/#\/schema\/logo\/image\/\",\"url\":\"https:\/\/rudasbistro.hu\/wp-content\/uploads\/2020\/03\/RUDAS_logo_2018_06.png\",\"contentUrl\":\"https:\/\/rudasbistro.hu\/wp-content\/uploads\/2020\/03\/RUDAS_logo_2018_06.png\",\"width\":1920,\"height\":1920,\"caption\":\"Rudas Bistro\"},\"image\":{\"@id\":\"https:\/\/rudasbistro.hu\/#\/schema\/logo\/image\/\"},\"sameAs\":[\"https:\/\/www.facebook.com\/rudasbistro\/\",\"https:\/\/www.instagram.com\/rudasbistro\/\",\"https:\/\/www.youtube.com\/channel\/UClU2jG0y6Pc8PLoo56z-p5Q\"]}]}<\/script>\n<!-- \/ Yoast SEO plugin. -->","yoast_head_json":{"title":"Kapcsolat - Rudas Bistro","robots":{"index":"index","follow":"follow","max-snippet":"max-snippet:-1","max-image-preview":"max-image-preview:large","max-video-preview":"max-video-preview:-1"},"canonical":"https:\/\/rudasbistro.hu\/en\/kapcsolat-menu\/","og_locale":"en_US","og_type":"article","og_title":"Kapcsolat - Rudas Bistro","og_description":"Kapcsolat Budapest D\u00f6brentei T\u00e9r 9. H\u00e9tf\u0151-Vas\u00e1rnap 11:00-22:00 (konyha 21:30) Rendezv\u00e9nyek eset\u00e9n egyedi nyitvatart\u00e1ssal v\u00e1rjuk \u00d6n\u00f6ket! info@rudasbistro.hu+36-30-016-0125 Adatkezel\u00e9si t\u00e1j\u00e9koztat\u00f3\u00c1SZF C\u00e9gadatok:\u00a0V92 Gastro Kft.2161 Csom\u00e1dLevente utca 14\/A.Ad\u00f3sz\u00e1m: 32614523-2-13 Maradt m\u00e9g k\u00e9rd\u00e9se?Vegye fel vel\u00fcnk a kapcsolatot!","og_url":"https:\/\/rudasbistro.hu\/en\/kapcsolat-menu\/","og_site_name":"Rudas Bistro","article_publisher":"https:\/\/www.facebook.com\/rudasbistro\/","article_modified_time":"2026-03-13T09:33:17+00:00","twitter_card":"summary_large_image","twitter_misc":{"Est. reading time":"1 minute"},"schema":{"@context":"https:\/\/schema.org","@graph":[{"@type":"WebPage","@id":"https:\/\/rudasbistro.hu\/kapcsolat-menu\/","url":"https:\/\/rudasbistro.hu\/kapcsolat-menu\/","name":"Kapcsolat - Rudas Bistro","isPartOf":{"@id":"https:\/\/rudasbistro.hu\/#website"},"datePublished":"2024-05-28T09:39:50+00:00","dateModified":"2026-03-13T09:33:17+00:00","breadcrumb":{"@id":"https:\/\/rudasbistro.hu\/kapcsolat-menu\/#breadcrumb"},"inLanguage":"en-US","potentialAction":[{"@type":"ReadAction","target":["https:\/\/rudasbistro.hu\/kapcsolat-menu\/"]}]},{"@type":"BreadcrumbList","@id":"https:\/\/rudasbistro.hu\/kapcsolat-menu\/#breadcrumb","itemListElement":[{"@type":"ListItem","position":1,"name":"Home","item":"https:\/\/rudasbistro.hu\/"},{"@type":"ListItem","position":2,"name":"Kapcsolat"}]},{"@type":"WebSite","@id":"https:\/\/rudasbistro.hu\/#website","url":"https:\/\/rudasbistro.hu\/","name":"Rudas Bistro","description":"","publisher":{"@id":"https:\/\/rudasbistro.hu\/#organization"},"potentialAction":[{"@type":"SearchAction","target":{"@type":"EntryPoint","urlTemplate":"https:\/\/rudasbistro.hu\/?s={search_term_string}"},"query-input":"required name=search_term_string"}],"inLanguage":"en-US"},{"@type":"Organization","@id":"https:\/\/rudasbistro.hu\/#organization","name":"Rudas Bistro","url":"https:\/\/rudasbistro.hu\/","logo":{"@type":"ImageObject","inLanguage":"en-US","@id":"https:\/\/rudasbistro.hu\/#\/schema\/logo\/image\/","url":"https:\/\/rudasbistro.hu\/wp-content\/uploads\/2020\/03\/RUDAS_logo_2018_06.png","contentUrl":"https:\/\/rudasbistro.hu\/wp-content\/uploads\/2020\/03\/RUDAS_logo_2018_06.png","width":1920,"height":1920,"caption":"Rudas Bistro"},"image":{"@id":"https:\/\/rudasbistro.hu\/#\/schema\/logo\/image\/"},"sameAs":["https:\/\/www.facebook.com\/rudasbistro\/","https:\/\/www.instagram.com\/rudasbistro\/","https:\/\/www.youtube.com\/channel\/UClU2jG0y6Pc8PLoo56z-p5Q"]}]}},"_links":{"self":[{"href":"https:\/\/rudasbistro.hu\/en\/wp-json\/wp\/v2\/pages\/11381"}],"collection":[{"href":"https:\/\/rudasbistro.hu\/en\/wp-json\/wp\/v2\/pages"}],"about":[{"href":"https:\/\/rudasbistro.hu\/en\/wp-json\/wp\/v2\/types\/page"}],"author":[{"embeddable":true,"href":"https:\/\/rudasbistro.hu\/en\/wp-json\/wp\/v2\/users\/1"}],"replies":[{"embeddable":true,"href":"https:\/\/rudasbistro.hu\/en\/wp-json\/wp\/v2\/comments?post=11381"}],"version-history":[{"count":37,"href":"https:\/\/rudasbistro.hu\/en\/wp-json\/wp\/v2\/pages\/11381\/revisions"}],"predecessor-version":[{"id":16244,"href":"https:\/\/rudasbistro.hu\/en\/wp-json\/wp\/v2\/pages\/11381\/revisions\/16244"}],"wp:attachment":[{"href":"https:\/\/rudasbistro.hu\/en\/wp-json\/wp\/v2\/media?parent=11381"}],"curies":[{"name":"wp","href":"https:\/\/api.w.org\/{rel}","templated":true}]}}